{"id":3209,"date":"2020-11-30T11:09:32","date_gmt":"2020-11-30T10:09:32","guid":{"rendered":"https:\/\/elandmachines.nl\/lagerbestand\/"},"modified":"2025-01-14T10:26:27","modified_gmt":"2025-01-14T09:26:27","slug":"lagerbestand","status":"publish","type":"page","link":"https:\/\/elandmachines.nl\/de\/lagerbestand\/","title":{"rendered":"Lagerbestand"},"content":{"rendered":"<p>[et_pb_section fb_built=&#8220;1&#8243; _builder_version=&#8220;4.16&#8243; _module_preset=&#8220;default&#8220; global_colors_info=&#8220;{}&#8220;][et_pb_row _builder_version=&#8220;4.16&#8243; _module_preset=&#8220;default&#8220; global_colors_info=&#8220;{}&#8220;][et_pb_column type=&#8220;4_4&#8243; _builder_version=&#8220;4.16&#8243; _module_preset=&#8220;default&#8220; global_colors_info=&#8220;{}&#8220;][et_pb_post_title meta=&#8220;off&#8220; featured_image=&#8220;off&#8220; _builder_version=&#8220;4.16&#8243; _module_preset=&#8220;default&#8220; custom_margin=&#8220;||-5px|||&#8220; global_colors_info=&#8220;{}&#8220;][\/et_pb_post_title][\/et_pb_column][\/et_pb_row][et_pb_row column_structure=&#8220;1_3,1_3,1_3&#8243; _builder_version=&#8220;4.16&#8243; _module_preset=&#8220;default&#8220; global_colors_info=&#8220;{}&#8220;][et_pb_column _builder_version=&#8220;4.25.2&#8243; _module_preset=&#8220;default&#8220; type=&#8220;1_3&#8243;][\/et_pb_column][et_pb_column type=&#8220;1_3&#8243; _builder_version=&#8220;4.16&#8243; _module_preset=&#8220;default&#8220; global_colors_info=&#8220;{}&#8220;][et_pb_text _builder_version=&#8220;4.16&#8243; _module_preset=&#8220;default&#8220; global_colors_info=&#8220;{}&#8220;]<\/p>\n<p>Hier finden Sie die Liste der Maschinen, die wir auf Lager haben. Klicken Sie auf den folgenden link, um auf die Agritrader website weiterzuleiten:\u00a0<\/p>\n<p><span style=\"color: #0c71c3;\"> <a href=\"https:\/\/www.agritrader.nl\/?search=eland\" style=\"color: #0c71c3;\">Agri Trader &#8211; Tractors en machines voor de agrarische sector<\/a><\/span><\/p>\n<p><span style=\"color: #e02b20;\"><a href=\"https:\/\/www.agritrader.nl\/?search=eland\" style=\"color: #e02b20;\">Agri Trader &#8211; Tractors en machines voor de agrarische sector<\/a><\/span><\/p>\n<p>Sie m\u00f6chten mehr Informationen \u00fcber eine bestimmte Maschine? Dann nehmen Sie <a href=\"https:\/\/elandmachines.nl\/de\/?page_id=3213\" title=\"Kontakt\">Kontakt<\/a> mit uns auf!<\/p>\n<p>[\/et_pb_text][\/et_pb_column][et_pb_column type=&#8220;1_3&#8243; _builder_version=&#8220;4.16&#8243; _module_preset=&#8220;default&#8220; global_colors_info=&#8220;{}&#8220;][\/et_pb_column][\/et_pb_row][et_pb_row _builder_version=&#8220;4.25.2&#8243; _module_preset=&#8220;default&#8220; hover_enabled=&#8220;0&#8243; global_colors_info=&#8220;{}&#8220; column_structure=&#8220;1_2,1_2&#8243; sticky_enabled=&#8220;0&#8243;][et_pb_column type=&#8220;1_2&#8243; _builder_version=&#8220;4.16&#8243; _module_preset=&#8220;default&#8220; global_colors_info=&#8220;{}&#8220;][et_pb_blog fullwidth=&#8220;off&#8220; include_categories=&#8220;all&#8220; use_manual_excerpt=&#8220;off&#8220; show_author=&#8220;off&#8220; show_date=&#8220;off&#8220; show_categories=&#8220;off&#8220; show_excerpt=&#8220;off&#8220; show_pagination=&#8220;off&#8220; admin_label=&#8220;Voorraad&#8220; _builder_version=&#8220;4.25.2&#8243; _module_preset=&#8220;default&#8220; hover_enabled=&#8220;0&#8243; border_color_all=&#8220;RGBA(0,0,0,0)&#8220; border_width_right=&#8220;15px&#8220; border_color_right=&#8220;RGBA(0,0,0,0)&#8220; global_colors_info=&#8220;{}&#8220; sticky_enabled=&#8220;0&#8243;][\/et_pb_blog][\/et_pb_column][et_pb_column type=&#8220;1_2&#8243; _builder_version=&#8220;4.16&#8243; _module_preset=&#8220;default&#8220; global_colors_info=&#8220;{}&#8220;][\/et_pb_column][\/et_pb_row][\/et_pb_section]<\/p>\n","protected":false},"excerpt":{"rendered":"<p>Hier finden Sie die Liste der Maschinen, die wir auf Lager haben. Klicken Sie auf den folgenden link, um auf die Agritrader website weiterzuleiten:\u00a0 Agri Trader &#8211; Tractors en machines voor de agrarische sector Agri Trader &#8211; Tractors en machines voor de agrarische sector Sie m\u00f6chten mehr Informationen \u00fcber eine bestimmte Maschine? Dann nehmen Sie [&hellip;]<\/p>\n","protected":false},"author":1,"featured_media":2096,"parent":0,"menu_order":0,"comment_status":"closed","ping_status":"closed","template":"","meta":{"_et_pb_use_builder":"on","_et_pb_old_content":"","_et_gb_content_width":""},"yoast_head":"<!-- This site is optimized with the Yoast SEO plugin v20.12 - https:\/\/yoast.com\/wordpress\/plugins\/seo\/ -->\n<title>G\u00fclleinjektoren zu verkaufen | Scheibeng\u00fclleinjektor | Geringes Gewicht | ELAND Machines<\/title>\n<meta name=\"description\" content=\"ELAND Machines hat Fr\u00e4smaschinen zu verkaufen. Alle diese Scheibenstreuer zeichnen sich durch ihr geringes Gewicht aus. Pr\u00fcfen Sie den Bestand auf unserer Website.\" \/>\n<meta name=\"robots\" content=\"index, follow, max-snippet:-1, max-image-preview:large, max-video-preview:-1\" \/>\n<link rel=\"canonical\" href=\"https:\/\/elandmachines.nl\/de\/lagerbestand\/\" \/>\n<meta property=\"og:locale\" content=\"de_DE\" \/>\n<meta property=\"og:type\" content=\"article\" \/>\n<meta property=\"og:title\" content=\"G\u00fclleinjektoren zu verkaufen | Scheibeng\u00fclleinjektor | Geringes Gewicht | ELAND Machines\" \/>\n<meta property=\"og:description\" content=\"ELAND Machines hat Fr\u00e4smaschinen zu verkaufen. Alle diese Scheibenstreuer zeichnen sich durch ihr geringes Gewicht aus. Pr\u00fcfen Sie den Bestand auf unserer Website.\" \/>\n<meta property=\"og:url\" content=\"https:\/\/elandmachines.nl\/de\/lagerbestand\/\" \/>\n<meta property=\"og:site_name\" content=\"ElandMachines\" \/>\n<meta property=\"article:modified_time\" content=\"2025-01-14T09:26:27+00:00\" \/>\n<meta property=\"og:image\" content=\"https:\/\/elandmachines.nl\/wp-content\/uploads\/2021\/03\/4U8A5177-website.jpg\" \/>\n\t<meta property=\"og:image:width\" content=\"2297\" \/>\n\t<meta property=\"og:image:height\" content=\"1531\" \/>\n\t<meta property=\"og:image:type\" content=\"image\/jpeg\" \/>\n<meta name=\"twitter:card\" content=\"summary_large_image\" \/>\n<meta name=\"twitter:label1\" content=\"Gesch\u00e4tzte Lesezeit\" \/>\n\t<meta name=\"twitter:data1\" content=\"2\u00a0Minuten\" \/>\n<script type=\"application\/ld+json\" class=\"yoast-schema-graph\">{\"@context\":\"https:\/\/schema.org\",\"@graph\":[{\"@type\":\"WebPage\",\"@id\":\"https:\/\/elandmachines.nl\/de\/lagerbestand\/\",\"url\":\"https:\/\/elandmachines.nl\/de\/lagerbestand\/\",\"name\":\"G\u00fclleinjektoren zu verkaufen | Scheibeng\u00fclleinjektor | Geringes Gewicht | ELAND Machines\",\"isPartOf\":{\"@id\":\"https:\/\/elandmachines.nl\/de\/#website\"},\"datePublished\":\"2020-11-30T10:09:32+00:00\",\"dateModified\":\"2025-01-14T09:26:27+00:00\",\"description\":\"ELAND Machines hat Fr\u00e4smaschinen zu verkaufen. Alle diese Scheibenstreuer zeichnen sich durch ihr geringes Gewicht aus. Pr\u00fcfen Sie den Bestand auf unserer Website.\",\"breadcrumb\":{\"@id\":\"https:\/\/elandmachines.nl\/de\/lagerbestand\/#breadcrumb\"},\"inLanguage\":\"de\",\"potentialAction\":[{\"@type\":\"ReadAction\",\"target\":[\"https:\/\/elandmachines.nl\/de\/lagerbestand\/\"]}]},{\"@type\":\"BreadcrumbList\",\"@id\":\"https:\/\/elandmachines.nl\/de\/lagerbestand\/#breadcrumb\",\"itemListElement\":[{\"@type\":\"ListItem\",\"position\":1,\"name\":\"Home\",\"item\":\"https:\/\/elandmachines.nl\/de\/\"},{\"@type\":\"ListItem\",\"position\":2,\"name\":\"Lagerbestand\"}]},{\"@type\":\"WebSite\",\"@id\":\"https:\/\/elandmachines.nl\/de\/#website\",\"url\":\"https:\/\/elandmachines.nl\/de\/\",\"name\":\"ElandMachines\",\"description\":\"\",\"potentialAction\":[{\"@type\":\"SearchAction\",\"target\":{\"@type\":\"EntryPoint\",\"urlTemplate\":\"https:\/\/elandmachines.nl\/de\/?s={search_term_string}\"},\"query-input\":\"required name=search_term_string\"}],\"inLanguage\":\"de\"}]}<\/script>\n<!-- \/ Yoast SEO plugin. -->","yoast_head_json":{"title":"G\u00fclleinjektoren zu verkaufen | Scheibeng\u00fclleinjektor | Geringes Gewicht | ELAND Machines","description":"ELAND Machines hat Fr\u00e4smaschinen zu verkaufen. Alle diese Scheibenstreuer zeichnen sich durch ihr geringes Gewicht aus. Pr\u00fcfen Sie den Bestand auf unserer Website.","robots":{"index":"index","follow":"follow","max-snippet":"max-snippet:-1","max-image-preview":"max-image-preview:large","max-video-preview":"max-video-preview:-1"},"canonical":"https:\/\/elandmachines.nl\/de\/lagerbestand\/","og_locale":"de_DE","og_type":"article","og_title":"G\u00fclleinjektoren zu verkaufen | Scheibeng\u00fclleinjektor | Geringes Gewicht | ELAND Machines","og_description":"ELAND Machines hat Fr\u00e4smaschinen zu verkaufen. Alle diese Scheibenstreuer zeichnen sich durch ihr geringes Gewicht aus. Pr\u00fcfen Sie den Bestand auf unserer Website.","og_url":"https:\/\/elandmachines.nl\/de\/lagerbestand\/","og_site_name":"ElandMachines","article_modified_time":"2025-01-14T09:26:27+00:00","og_image":[{"width":2297,"height":1531,"url":"https:\/\/elandmachines.nl\/wp-content\/uploads\/2021\/03\/4U8A5177-website.jpg","type":"image\/jpeg"}],"twitter_card":"summary_large_image","twitter_misc":{"Gesch\u00e4tzte Lesezeit":"2\u00a0Minuten"},"schema":{"@context":"https:\/\/schema.org","@graph":[{"@type":"WebPage","@id":"https:\/\/elandmachines.nl\/de\/lagerbestand\/","url":"https:\/\/elandmachines.nl\/de\/lagerbestand\/","name":"G\u00fclleinjektoren zu verkaufen | Scheibeng\u00fclleinjektor | Geringes Gewicht | ELAND Machines","isPartOf":{"@id":"https:\/\/elandmachines.nl\/de\/#website"},"datePublished":"2020-11-30T10:09:32+00:00","dateModified":"2025-01-14T09:26:27+00:00","description":"ELAND Machines hat Fr\u00e4smaschinen zu verkaufen. Alle diese Scheibenstreuer zeichnen sich durch ihr geringes Gewicht aus. Pr\u00fcfen Sie den Bestand auf unserer Website.","breadcrumb":{"@id":"https:\/\/elandmachines.nl\/de\/lagerbestand\/#breadcrumb"},"inLanguage":"de","potentialAction":[{"@type":"ReadAction","target":["https:\/\/elandmachines.nl\/de\/lagerbestand\/"]}]},{"@type":"BreadcrumbList","@id":"https:\/\/elandmachines.nl\/de\/lagerbestand\/#breadcrumb","itemListElement":[{"@type":"ListItem","position":1,"name":"Home","item":"https:\/\/elandmachines.nl\/de\/"},{"@type":"ListItem","position":2,"name":"Lagerbestand"}]},{"@type":"WebSite","@id":"https:\/\/elandmachines.nl\/de\/#website","url":"https:\/\/elandmachines.nl\/de\/","name":"ElandMachines","description":"","potentialAction":[{"@type":"SearchAction","target":{"@type":"EntryPoint","urlTemplate":"https:\/\/elandmachines.nl\/de\/?s={search_term_string}"},"query-input":"required name=search_term_string"}],"inLanguage":"de"}]}},"_links":{"self":[{"href":"https:\/\/elandmachines.nl\/de\/wp-json\/wp\/v2\/pages\/3209"}],"collection":[{"href":"https:\/\/elandmachines.nl\/de\/wp-json\/wp\/v2\/pages"}],"about":[{"href":"https:\/\/elandmachines.nl\/de\/wp-json\/wp\/v2\/types\/page"}],"author":[{"embeddable":true,"href":"https:\/\/elandmachines.nl\/de\/wp-json\/wp\/v2\/users\/1"}],"replies":[{"embeddable":true,"href":"https:\/\/elandmachines.nl\/de\/wp-json\/wp\/v2\/comments?post=3209"}],"version-history":[{"count":15,"href":"https:\/\/elandmachines.nl\/de\/wp-json\/wp\/v2\/pages\/3209\/revisions"}],"predecessor-version":[{"id":3972,"href":"https:\/\/elandmachines.nl\/de\/wp-json\/wp\/v2\/pages\/3209\/revisions\/3972"}],"wp:featuredmedia":[{"embeddable":true,"href":"https:\/\/elandmachines.nl\/de\/wp-json\/wp\/v2\/media\/2096"}],"wp:attachment":[{"href":"https:\/\/elandmachines.nl\/de\/wp-json\/wp\/v2\/media?parent=3209"}],"curies":[{"name":"wp","href":"https:\/\/api.w.org\/{rel}","templated":true}]}}