{"id":3213,"date":"2020-11-19T14:11:33","date_gmt":"2020-11-19T13:11:33","guid":{"rendered":"https:\/\/elandmachines.nl\/kontakt\/"},"modified":"2023-08-04T09:36:06","modified_gmt":"2023-08-04T08:36:06","slug":"kontakt","status":"publish","type":"page","link":"https:\/\/elandmachines.nl\/de\/kontakt\/","title":{"rendered":"Kontakt"},"content":{"rendered":"<p>[et_pb_section fb_built=&#8220;1&#8243; _builder_version=&#8220;4.7.2&#8243; _module_preset=&#8220;default&#8220;][et_pb_row column_structure=&#8220;1_2,1_2&#8243; _builder_version=&#8220;4.7.2&#8243; _module_preset=&#8220;default&#8220;][et_pb_column type=&#8220;1_2&#8243; _builder_version=&#8220;4.7.2&#8243; _module_preset=&#8220;default&#8220;][et_pb_post_title meta=&#8220;off&#8220; featured_image=&#8220;off&#8220; _builder_version=&#8220;4.8.1&#8243; _module_preset=&#8220;default&#8220; custom_margin=&#8220;||||false|false&#8220; custom_margin_tablet=&#8220;-56px||||false|false&#8220; custom_margin_phone=&#8220;-56px||||false|false&#8220; custom_margin_last_edited=&#8220;on|phone&#8220;][\/et_pb_post_title][et_pb_text _builder_version=&#8220;4.7.3&#8243; _module_preset=&#8220;default&#8220;]<\/p>\n<p><strong>ELAND Maschinen B.V.<\/strong><br \/>Middendijk 33<br \/>7397 NB Nijbroek &#8212; Holland<br \/>Telefon: +31 6 82386387<br \/>E-Mail: <a href=\"mailto:info@elandmachines.nl\" title=\"E-Mail\">info@elandmachines.nl<\/a><\/p>\n<p>[\/et_pb_text][et_pb_button button_url=&#8220;https:\/\/www.facebook.com\/ELAND-Machines-101463638478937\/?view_public_for=101463638478937&#8243; url_new_window=&#8220;on&#8220; button_text=&#8220;FaceBook&#8220; _builder_version=&#8220;4.7.7&#8243; _module_preset=&#8220;default&#8220; custom_button=&#8220;on&#8220; button_border_width=&#8220;0px&#8220; button_border_radius=&#8220;8px&#8220; button_letter_spacing=&#8220;3px&#8220; button_icon=&#8220;%%314%%&#8220; button_icon_placement=&#8220;left&#8220; button_on_hover=&#8220;off&#8220; animation_style=&#8220;bounce&#8220;][\/et_pb_button][et_pb_code _builder_version=&#8220;4.8.1&#8243; _module_preset=&#8220;default&#8220;]<iframe loading=\"lazy\" src=\"https:\/\/www.google.com\/maps\/embed?pb=!1m18!1m12!1m3!1d78161.10749532543!2d6.040138399970545!3d52.25183634871878!2m3!1f0!2f0!3f0!3m2!1i1024!2i768!4f13.1!3m3!1m2!1s0x47c7c3df81ed42f9%3A0xdb355bbe25029833!2sMiddendijk%2033%2C%207397%20NB%20Nijbroek!5e0!3m2!1snl!2snl!4v1605818259544!5m2!1snl!2snl\" width=\"600\" height=\"450\" frameborder=\"0\" style=\"border:0;\" allowfullscreen=\"\" aria-hidden=\"false\" tabindex=\"0\"><\/iframe>[\/et_pb_code][\/et_pb_column][et_pb_column type=&#8220;1_2&#8243; _builder_version=&#8220;4.7.2&#8243; _module_preset=&#8220;default&#8220;][et_pb_button button_url=&#8220;https:\/\/nieuwsbrief.studiozingever.nl\/subscribeform.php?form=32&amp;token=ab60c6f4de525ccd6a8d4a726531790c1615210383&#8243; button_text=&#8220;Newsletter-Abonnement&#8220; button_alignment=&#8220;center&#8220; _builder_version=&#8220;4.9.1&#8243; _module_preset=&#8220;default&#8220; custom_button=&#8220;on&#8220; button_icon=&#8220;%%24%%&#8220; button_icon_color=&#8220;rgba(19,117,55,0.61)&#8220;][\/et_pb_button][et_pb_button button_text=&#8220;Informationsanfrage&#8220; button_alignment=&#8220;center&#8220; _builder_version=&#8220;4.9.1&#8243; _module_preset=&#8220;default&#8220; custom_button=&#8220;on&#8220; button_icon=&#8220;%%24%%&#8220; button_icon_color=&#8220;rgba(19,117,55,0.61)&#8220; hover_enabled=&#8220;0&#8243; sticky_enabled=&#8220;0&#8243;][\/et_pb_button][et_pb_text _builder_version=&#8220;4.8.1&#8243; _module_preset=&#8220;default&#8220;]<\/p>\n<p><span><div class=\"wpforms-container wpforms-container-full\" id=\"wpforms-378\"><form id=\"wpforms-form-378\" class=\"wpforms-validate wpforms-form wpforms-ajax-form\" data-formid=\"378\" method=\"post\" enctype=\"multipart\/form-data\" action=\"\/de\/wp-json\/wp\/v2\/pages\/3213\" data-token=\"9d2ba5f5e2c5f52b95bafda5e49587f2\" data-token-time=\"1776516935\"><noscript class=\"wpforms-error-noscript\">Bitte aktiviere JavaScript in deinem Browser, um dieses Formular fertigzustellen.<\/noscript><div class=\"wpforms-field-container\"><div id=\"wpforms-378-field_0-container\" class=\"wpforms-field wpforms-field-name\" data-field-id=\"0\"><label class=\"wpforms-field-label\">Naam <span class=\"wpforms-required-label\">*<\/span><\/label><div class=\"wpforms-field-row wpforms-field-medium\"><div class=\"wpforms-field-row-block wpforms-first wpforms-one-half\"><input type=\"text\" id=\"wpforms-378-field_0\" class=\"wpforms-field-name-first wpforms-field-required\" name=\"wpforms[fields][0][first]\" required><label for=\"wpforms-378-field_0\" class=\"wpforms-field-sublabel after\">Vorname<\/label><\/div><div class=\"wpforms-field-row-block wpforms-one-half\"><input type=\"text\" id=\"wpforms-378-field_0-last\" class=\"wpforms-field-name-last wpforms-field-required\" name=\"wpforms[fields][0][last]\" required><label for=\"wpforms-378-field_0-last\" class=\"wpforms-field-sublabel after\">Nachname<\/label><\/div><\/div><\/div>\t\t<div id=\"wpforms-378-field_5-container\"\n\t\t\tclass=\"wpforms-field wpforms-field-text\"\n\t\t\tdata-field-type=\"text\"\n\t\t\tdata-field-id=\"5\"\n\t\t\t>\n\t\t\t<label class=\"wpforms-field-label\" for=\"wpforms-378-field_5\" >Naam bericht Bedrijfsnaam\/organisatie<\/label>\n\t\t\t<input type=\"text\" id=\"wpforms-378-field_5\" class=\"wpforms-field-medium\" name=\"wpforms[fields][5]\" >\n\t\t<\/div>\n\t\t<div id=\"wpforms-378-field_4-container\" class=\"wpforms-field wpforms-field-text\" data-field-id=\"4\"><label class=\"wpforms-field-label\" for=\"wpforms-378-field_4\">Bedrijfsnaam\/organisatie <span class=\"wpforms-required-label\">*<\/span><\/label><input type=\"text\" id=\"wpforms-378-field_4\" class=\"wpforms-field-medium wpforms-field-required\" name=\"wpforms[fields][4]\" required><\/div><div id=\"wpforms-378-field_3-container\" class=\"wpforms-field wpforms-field-text\" data-field-id=\"3\"><label class=\"wpforms-field-label\" for=\"wpforms-378-field_3\">Telefoonnummer <span class=\"wpforms-required-label\">*<\/span><\/label><input type=\"text\" id=\"wpforms-378-field_3\" class=\"wpforms-field-medium wpforms-field-required\" name=\"wpforms[fields][3]\" required><\/div><div id=\"wpforms-378-field_1-container\" class=\"wpforms-field wpforms-field-email\" data-field-id=\"1\"><label class=\"wpforms-field-label\" for=\"wpforms-378-field_1\">E-mail <span class=\"wpforms-required-label\">*<\/span><\/label><input type=\"email\" id=\"wpforms-378-field_1\" class=\"wpforms-field-medium wpforms-field-required\" name=\"wpforms[fields][1]\" spellcheck=\"false\" required><\/div><div id=\"wpforms-378-field_2-container\" class=\"wpforms-field wpforms-field-textarea\" data-field-id=\"2\"><label class=\"wpforms-field-label\" for=\"wpforms-378-field_2\">Reactie of bericht <span class=\"wpforms-required-label\">*<\/span><\/label><textarea id=\"wpforms-378-field_2\" class=\"wpforms-field-large wpforms-field-required\" name=\"wpforms[fields][2]\" required><\/textarea><\/div><script>\n\t\t\t\t( function() {\n\t\t\t\t\tconst style = document.createElement( 'style' );\n\t\t\t\t\tstyle.appendChild( document.createTextNode( '#wpforms-378-field_5-container { position: absolute !important; overflow: hidden !important; display: inline !important; height: 1px !important; width: 1px !important; z-index: -1000 !important; padding: 0 !important; } #wpforms-378-field_5-container input { visibility: hidden; } #wpforms-conversational-form-page #wpforms-378-field_5-container label { counter-increment: none; }' ) );\n\t\t\t\t\tdocument.head.appendChild( style );\n\t\t\t\t\tdocument.currentScript?.remove();\n\t\t\t\t} )();\n\t\t\t<\/script><\/div><!-- .wpforms-field-container --><div class=\"wpforms-recaptcha-container wpforms-is-recaptcha wpforms-is-recaptcha-type-v3\" ><input type=\"hidden\" name=\"wpforms[recaptcha]\" value=\"\"><\/div><div class=\"wpforms-submit-container\" ><input type=\"hidden\" name=\"wpforms[id]\" value=\"378\"><input type=\"hidden\" name=\"page_title\" value=\"\"><input type=\"hidden\" name=\"page_url\" value=\"https:\/\/elandmachines.nl\/de\/wp-json\/wp\/v2\/pages\/3213\"><input type=\"hidden\" name=\"url_referer\" value=\"\"><button type=\"submit\" name=\"wpforms[submit]\" id=\"wpforms-submit-378\" class=\"wpforms-submit\" data-alt-text=\"Verzenden...\" data-submit-text=\"Verstuur\" aria-live=\"assertive\" value=\"wpforms-submit\">Verstuur<\/button><img decoding=\"async\" loading=\"lazy\" src=\"https:\/\/elandmachines.nl\/wp-content\/plugins\/wpforms-lite\/assets\/images\/submit-spin.svg\" class=\"wpforms-submit-spinner\" style=\"display: none;\" width=\"26\" height=\"26\" alt=\"Wird geladen\"><\/div><\/form><\/div>  <!-- .wpforms-container --><\/span><\/p>\n<p>[\/et_pb_text][et_pb_code _builder_version=&#8220;4.8.1&#8243; _module_preset=&#8220;default&#8220;][\/et_pb_code][\/et_pb_column][\/et_pb_row][\/et_pb_section]<\/p>\n","protected":false},"excerpt":{"rendered":"<p>ELAND Maschinen B.V.Middendijk 337397 NB Nijbroek &#8212; HollandTelefon: +31 6 82386387E-Mail: info@elandmachines.nl<div class=\"wpforms-container wpforms-container-full\" id=\"wpforms-378\"><form id=\"wpforms-form-378\" class=\"wpforms-validate wpforms-form wpforms-ajax-form\" data-formid=\"378\" method=\"post\" enctype=\"multipart\/form-data\" action=\"\/de\/wp-json\/wp\/v2\/pages\/3213\" data-token=\"9d2ba5f5e2c5f52b95bafda5e49587f2\" data-token-time=\"1776516935\"><noscript class=\"wpforms-error-noscript\">Bitte aktiviere JavaScript in deinem Browser, um dieses Formular fertigzustellen.<\/noscript><div class=\"wpforms-field-container\"><div id=\"wpforms-378-field_0-container\" class=\"wpforms-field wpforms-field-name\" data-field-id=\"0\"><label class=\"wpforms-field-label\">Naam <span class=\"wpforms-required-label\">*<\/span><\/label><div class=\"wpforms-field-row wpforms-field-medium\"><div class=\"wpforms-field-row-block wpforms-first wpforms-one-half\"><input type=\"text\" id=\"wpforms-378-field_0\" class=\"wpforms-field-name-first wpforms-field-required\" name=\"wpforms[fields][0][first]\" required><label for=\"wpforms-378-field_0\" class=\"wpforms-field-sublabel after\">Vorname<\/label><\/div><div class=\"wpforms-field-row-block wpforms-one-half\"><input type=\"text\" id=\"wpforms-378-field_0-last\" class=\"wpforms-field-name-last wpforms-field-required\" name=\"wpforms[fields][0][last]\" required><label for=\"wpforms-378-field_0-last\" class=\"wpforms-field-sublabel after\">Nachname<\/label><\/div><\/div><\/div><div id=\"wpforms-378-field_4-container\" class=\"wpforms-field wpforms-field-text\" data-field-id=\"4\"><label class=\"wpforms-field-label\" for=\"wpforms-378-field_4\">Bedrijfsnaam\/organisatie <span class=\"wpforms-required-label\">*<\/span><\/label><input type=\"text\" id=\"wpforms-378-field_4\" class=\"wpforms-field-medium wpforms-field-required\" name=\"wpforms[fields][4]\" required><\/div>\t\t<div id=\"wpforms-378-field_5-container\"\n\t\t\tclass=\"wpforms-field wpforms-field-text\"\n\t\t\tdata-field-type=\"text\"\n\t\t\tdata-field-id=\"5\"\n\t\t\t>\n\t\t\t<label class=\"wpforms-field-label\" for=\"wpforms-378-field_5\" >Reactie of Bedrijfsnaam\/organisatie<\/label>\n\t\t\t<input type=\"text\" id=\"wpforms-378-field_5\" class=\"wpforms-field-medium\" name=\"wpforms[fields][5]\" >\n\t\t<\/div>\n\t\t<div id=\"wpforms-378-field_3-container\" class=\"wpforms-field wpforms-field-text\" data-field-id=\"3\"><label class=\"wpforms-field-label\" for=\"wpforms-378-field_3\">Telefoonnummer <span class=\"wpforms-required-label\">*<\/span><\/label><input type=\"text\" id=\"wpforms-378-field_3\" class=\"wpforms-field-medium wpforms-field-required\" name=\"wpforms[fields][3]\" required><\/div><div id=\"wpforms-378-field_1-container\" class=\"wpforms-field wpforms-field-email\" data-field-id=\"1\"><label class=\"wpforms-field-label\" for=\"wpforms-378-field_1\">E-mail <span class=\"wpforms-required-label\">*<\/span><\/label><input type=\"email\" id=\"wpforms-378-field_1\" class=\"wpforms-field-medium wpforms-field-required\" name=\"wpforms[fields][1]\" spellcheck=\"false\" required><\/div><div id=\"wpforms-378-field_2-container\" class=\"wpforms-field wpforms-field-textarea\" data-field-id=\"2\"><label class=\"wpforms-field-label\" for=\"wpforms-378-field_2\">Reactie of bericht <span class=\"wpforms-required-label\">*<\/span><\/label><textarea id=\"wpforms-378-field_2\" class=\"wpforms-field-large wpforms-field-required\" name=\"wpforms[fields][2]\" required><\/textarea><\/div><script>\n\t\t\t\t( function() {\n\t\t\t\t\tconst style = document.createElement( 'style' );\n\t\t\t\t\tstyle.appendChild( document.createTextNode( '#wpforms-378-field_5-container { position: absolute !important; overflow: hidden !important; display: inline !important; height: 1px !important; width: 1px !important; z-index: -1000 !important; padding: 0 !important; } #wpforms-378-field_5-container input { visibility: hidden; } #wpforms-conversational-form-page #wpforms-378-field_5-container label { counter-increment: none; }' ) );\n\t\t\t\t\tdocument.head.appendChild( style );\n\t\t\t\t\tdocument.currentScript?.remove();\n\t\t\t\t} )();\n\t\t\t<\/script><\/div><!-- .wpforms-field-container --><div class=\"wpforms-recaptcha-container wpforms-is-recaptcha wpforms-is-recaptcha-type-v3\" ><input type=\"hidden\" name=\"wpforms[recaptcha]\" value=\"\"><\/div><div class=\"wpforms-submit-container\" ><input type=\"hidden\" name=\"wpforms[id]\" value=\"378\"><input type=\"hidden\" name=\"page_title\" value=\"\"><input type=\"hidden\" name=\"page_url\" value=\"https:\/\/elandmachines.nl\/de\/wp-json\/wp\/v2\/pages\/3213\"><input type=\"hidden\" name=\"url_referer\" value=\"\"><button type=\"submit\" name=\"wpforms[submit]\" id=\"wpforms-submit-378\" class=\"wpforms-submit\" data-alt-text=\"Verzenden...\" data-submit-text=\"Verstuur\" aria-live=\"assertive\" value=\"wpforms-submit\">Verstuur<\/button><img src=\"https:\/\/elandmachines.nl\/wp-content\/plugins\/wpforms-lite\/assets\/images\/submit-spin.svg\" class=\"wpforms-submit-spinner\" style=\"display: none;\" width=\"26\" height=\"26\" alt=\"Wird geladen\"><\/div><\/form><\/div>  <!-- .wpforms-container --><\/p>\n","protected":false},"author":1,"featured_media":0,"parent":0,"menu_order":0,"comment_status":"closed","ping_status":"closed","template":"","meta":{"_et_pb_use_builder":"on","_et_pb_old_content":"","_et_gb_content_width":""},"yoast_head":"<!-- This site is optimized with the Yoast SEO plugin v20.12 - https:\/\/yoast.com\/wordpress\/plugins\/seo\/ -->\n<title>Gr\u00fcnland-G\u00fclleverteiler | Rotationsg\u00fclleverteiler | Nijbroek | ELAND Machines<\/title>\n<meta name=\"description\" content=\"Gr\u00fcnlandd\u00fcnger, Reihend\u00fcnger zu verkaufen bei ELAND Machines in Nijbroek.\" \/>\n<meta name=\"robots\" content=\"index, follow, max-snippet:-1, max-image-preview:large, max-video-preview:-1\" \/>\n<link rel=\"canonical\" href=\"https:\/\/elandmachines.nl\/de\/kontakt\/\" \/>\n<meta property=\"og:locale\" content=\"de_DE\" \/>\n<meta property=\"og:type\" content=\"article\" \/>\n<meta property=\"og:title\" content=\"Gr\u00fcnland-G\u00fclleverteiler | Rotationsg\u00fclleverteiler | Nijbroek | ELAND Machines\" \/>\n<meta property=\"og:description\" content=\"Gr\u00fcnlandd\u00fcnger, Reihend\u00fcnger zu verkaufen bei ELAND Machines in Nijbroek.\" \/>\n<meta property=\"og:url\" content=\"https:\/\/elandmachines.nl\/de\/kontakt\/\" \/>\n<meta property=\"og:site_name\" content=\"ElandMachines\" \/>\n<meta property=\"article:modified_time\" content=\"2023-08-04T08:36:06+00:00\" \/>\n<meta name=\"twitter:card\" content=\"summary_large_image\" \/>\n<meta name=\"twitter:label1\" content=\"Gesch\u00e4tzte Lesezeit\" \/>\n\t<meta name=\"twitter:data1\" content=\"1\u00a0Minute\" \/>\n<script type=\"application\/ld+json\" class=\"yoast-schema-graph\">{\"@context\":\"https:\/\/schema.org\",\"@graph\":[{\"@type\":\"WebPage\",\"@id\":\"https:\/\/elandmachines.nl\/de\/kontakt\/\",\"url\":\"https:\/\/elandmachines.nl\/de\/kontakt\/\",\"name\":\"Gr\u00fcnland-G\u00fclleverteiler | Rotationsg\u00fclleverteiler | Nijbroek | ELAND Machines\",\"isPartOf\":{\"@id\":\"https:\/\/elandmachines.nl\/de\/#website\"},\"datePublished\":\"2020-11-19T13:11:33+00:00\",\"dateModified\":\"2023-08-04T08:36:06+00:00\",\"description\":\"Gr\u00fcnlandd\u00fcnger, Reihend\u00fcnger zu verkaufen bei ELAND Machines in Nijbroek.\",\"breadcrumb\":{\"@id\":\"https:\/\/elandmachines.nl\/de\/kontakt\/#breadcrumb\"},\"inLanguage\":\"de\",\"potentialAction\":[{\"@type\":\"ReadAction\",\"target\":[\"https:\/\/elandmachines.nl\/de\/kontakt\/\"]}]},{\"@type\":\"BreadcrumbList\",\"@id\":\"https:\/\/elandmachines.nl\/de\/kontakt\/#breadcrumb\",\"itemListElement\":[{\"@type\":\"ListItem\",\"position\":1,\"name\":\"Home\",\"item\":\"https:\/\/elandmachines.nl\/de\/\"},{\"@type\":\"ListItem\",\"position\":2,\"name\":\"Kontakt\"}]},{\"@type\":\"WebSite\",\"@id\":\"https:\/\/elandmachines.nl\/de\/#website\",\"url\":\"https:\/\/elandmachines.nl\/de\/\",\"name\":\"ElandMachines\",\"description\":\"\",\"potentialAction\":[{\"@type\":\"SearchAction\",\"target\":{\"@type\":\"EntryPoint\",\"urlTemplate\":\"https:\/\/elandmachines.nl\/de\/?s={search_term_string}\"},\"query-input\":\"required name=search_term_string\"}],\"inLanguage\":\"de\"}]}<\/script>\n<!-- \/ Yoast SEO plugin. -->","yoast_head_json":{"title":"Gr\u00fcnland-G\u00fclleverteiler | Rotationsg\u00fclleverteiler | Nijbroek | ELAND Machines","description":"Gr\u00fcnlandd\u00fcnger, Reihend\u00fcnger zu verkaufen bei ELAND Machines in Nijbroek.","robots":{"index":"index","follow":"follow","max-snippet":"max-snippet:-1","max-image-preview":"max-image-preview:large","max-video-preview":"max-video-preview:-1"},"canonical":"https:\/\/elandmachines.nl\/de\/kontakt\/","og_locale":"de_DE","og_type":"article","og_title":"Gr\u00fcnland-G\u00fclleverteiler | Rotationsg\u00fclleverteiler | Nijbroek | ELAND Machines","og_description":"Gr\u00fcnlandd\u00fcnger, Reihend\u00fcnger zu verkaufen bei ELAND Machines in Nijbroek.","og_url":"https:\/\/elandmachines.nl\/de\/kontakt\/","og_site_name":"ElandMachines","article_modified_time":"2023-08-04T08:36:06+00:00","twitter_card":"summary_large_image","twitter_misc":{"Gesch\u00e4tzte Lesezeit":"1\u00a0Minute"},"schema":{"@context":"https:\/\/schema.org","@graph":[{"@type":"WebPage","@id":"https:\/\/elandmachines.nl\/de\/kontakt\/","url":"https:\/\/elandmachines.nl\/de\/kontakt\/","name":"Gr\u00fcnland-G\u00fclleverteiler | Rotationsg\u00fclleverteiler | Nijbroek | ELAND Machines","isPartOf":{"@id":"https:\/\/elandmachines.nl\/de\/#website"},"datePublished":"2020-11-19T13:11:33+00:00","dateModified":"2023-08-04T08:36:06+00:00","description":"Gr\u00fcnlandd\u00fcnger, Reihend\u00fcnger zu verkaufen bei ELAND Machines in Nijbroek.","breadcrumb":{"@id":"https:\/\/elandmachines.nl\/de\/kontakt\/#breadcrumb"},"inLanguage":"de","potentialAction":[{"@type":"ReadAction","target":["https:\/\/elandmachines.nl\/de\/kontakt\/"]}]},{"@type":"BreadcrumbList","@id":"https:\/\/elandmachines.nl\/de\/kontakt\/#breadcrumb","itemListElement":[{"@type":"ListItem","position":1,"name":"Home","item":"https:\/\/elandmachines.nl\/de\/"},{"@type":"ListItem","position":2,"name":"Kontakt"}]},{"@type":"WebSite","@id":"https:\/\/elandmachines.nl\/de\/#website","url":"https:\/\/elandmachines.nl\/de\/","name":"ElandMachines","description":"","potentialAction":[{"@type":"SearchAction","target":{"@type":"EntryPoint","urlTemplate":"https:\/\/elandmachines.nl\/de\/?s={search_term_string}"},"query-input":"required name=search_term_string"}],"inLanguage":"de"}]}},"_links":{"self":[{"href":"https:\/\/elandmachines.nl\/de\/wp-json\/wp\/v2\/pages\/3213"}],"collection":[{"href":"https:\/\/elandmachines.nl\/de\/wp-json\/wp\/v2\/pages"}],"about":[{"href":"https:\/\/elandmachines.nl\/de\/wp-json\/wp\/v2\/types\/page"}],"author":[{"embeddable":true,"href":"https:\/\/elandmachines.nl\/de\/wp-json\/wp\/v2\/users\/1"}],"replies":[{"embeddable":true,"href":"https:\/\/elandmachines.nl\/de\/wp-json\/wp\/v2\/comments?post=3213"}],"version-history":[{"count":5,"href":"https:\/\/elandmachines.nl\/de\/wp-json\/wp\/v2\/pages\/3213\/revisions"}],"predecessor-version":[{"id":3396,"href":"https:\/\/elandmachines.nl\/de\/wp-json\/wp\/v2\/pages\/3213\/revisions\/3396"}],"wp:attachment":[{"href":"https:\/\/elandmachines.nl\/de\/wp-json\/wp\/v2\/media?parent=3213"}],"curies":[{"name":"wp","href":"https:\/\/api.w.org\/{rel}","templated":true}]}}