{"id":3233,"date":"2020-11-19T17:41:09","date_gmt":"2020-11-19T16:41:09","guid":{"rendered":"https:\/\/elandmachines.nl\/mani-objekt-790-865-940\/"},"modified":"2024-06-19T18:01:00","modified_gmt":"2024-06-19T17:01:00","slug":"mani-objekt-790-865-940","status":"publish","type":"page","link":"https:\/\/elandmachines.nl\/de\/produkte\/duengemittel-fuer-rasen\/mani-objekt-790-865-940\/","title":{"rendered":"Mani-Objekt 790\/865\/940"},"content":{"rendered":"<p>[et_pb_section fb_built=&#8220;1&#8243; _builder_version=&#8220;4.16&#8243; _module_preset=&#8220;default&#8220; custom_padding=&#8220;|||0px||&#8220; hover_enabled=&#8220;0&#8243; global_colors_info=&#8220;{}&#8220; sticky_enabled=&#8220;0&#8243;][et_pb_row _builder_version=&#8220;4.16&#8243; _module_preset=&#8220;default&#8220; global_colors_info=&#8220;{}&#8220;][et_pb_column type=&#8220;4_4&#8243; _builder_version=&#8220;4.16&#8243; _module_preset=&#8220;default&#8220; global_colors_info=&#8220;{}&#8220;][et_pb_post_title meta=&#8220;off&#8220; featured_image=&#8220;off&#8220; _builder_version=&#8220;4.16.1&#8243; _module_preset=&#8220;default&#8220; custom_margin=&#8220;0px||||false|false&#8220; custom_margin_tablet=&#8220;-56px||||false|false&#8220; custom_margin_phone=&#8220;&#8220; custom_margin_last_edited=&#8220;on|tablet&#8220; global_colors_info=&#8220;{}&#8220;][\/et_pb_post_title][\/et_pb_column][\/et_pb_row][et_pb_row column_structure=&#8220;1_2,1_2&#8243; _builder_version=&#8220;4.16&#8243; _module_preset=&#8220;default&#8220; custom_margin_tablet=&#8220;-60px||||false|false&#8220; custom_margin_phone=&#8220;&#8220; custom_margin_last_edited=&#8220;on|phone&#8220; hover_enabled=&#8220;0&#8243; global_colors_info=&#8220;{}&#8220; sticky_enabled=&#8220;0&#8243;][et_pb_column type=&#8220;1_2&#8243; _builder_version=&#8220;4.16&#8243; _module_preset=&#8220;default&#8220; global_colors_info=&#8220;{}&#8220;][et_pb_image src=&#8220;https:\/\/elandmachines.nl\/wp-content\/uploads\/2023\/10\/IMG-20230818-WA0138.jpg&#8220; _builder_version=&#8220;4.21.2&#8243; _module_preset=&#8220;default&#8220; hover_enabled=&#8220;0&#8243; global_colors_info=&#8220;{}&#8220; show_bottom_space=&#8220;off&#8220; custom_margin=&#8220;10px|10px|10px|10px|false|false&#8220; sticky_enabled=&#8220;0&#8243;][\/et_pb_image][et_pb_image src=&#8220;https:\/\/elandmachines.nl\/wp-content\/uploads\/2023\/10\/IMG-20230818-WA0081.jpg&#8220; _builder_version=&#8220;4.21.2&#8243; _module_preset=&#8220;default&#8220; hover_enabled=&#8220;0&#8243; global_colors_info=&#8220;{}&#8220; show_bottom_space=&#8220;off&#8220; custom_margin=&#8220;20px|10px|10px|10px|false|false&#8220; sticky_enabled=&#8220;0&#8243;][\/et_pb_image][\/et_pb_column][et_pb_column type=&#8220;1_2&#8243; _builder_version=&#8220;4.16&#8243; _module_preset=&#8220;default&#8220; global_colors_info=&#8220;{}&#8220;][et_pb_image src=&#8220;https:\/\/elandmachines.nl\/wp-content\/uploads\/2023\/10\/IMG-20230818-WA0224.jpg&#8220; _builder_version=&#8220;4.21.2&#8243; _module_preset=&#8220;default&#8220; hover_enabled=&#8220;0&#8243; global_colors_info=&#8220;{}&#8220; show_bottom_space=&#8220;off&#8220; custom_margin=&#8220;10px|10px|10px|10px|false|false&#8220; custom_padding=&#8220;||||false|false&#8220; sticky_enabled=&#8220;0&#8243;][\/et_pb_image][et_pb_image src=&#8220;https:\/\/elandmachines.nl\/wp-content\/uploads\/2023\/10\/IMG-20230818-WA0220.jpg&#8220; _builder_version=&#8220;4.21.2&#8243; _module_preset=&#8220;default&#8220; hover_enabled=&#8220;0&#8243; global_colors_info=&#8220;{}&#8220; show_bottom_space=&#8220;off&#8220; custom_margin=&#8220;20px|10px|10px|10px|false|false&#8220; sticky_enabled=&#8220;0&#8243;][\/et_pb_image][\/et_pb_column][\/et_pb_row][et_pb_row column_structure=&#8220;3_5,2_5&#8243; _builder_version=&#8220;4.16&#8243; _module_preset=&#8220;default&#8220; global_colors_info=&#8220;{}&#8220;][et_pb_column type=&#8220;3_5&#8243; _builder_version=&#8220;4.16&#8243; _module_preset=&#8220;default&#8220; global_colors_info=&#8220;{}&#8220;][et_pb_text admin_label=&#8220;Tekst&#8220; _builder_version=&#8220;4.16&#8243; _module_preset=&#8220;default&#8220; background_color=&#8220;#4E8F36&#8243; background_enable_image=&#8220;off&#8220; custom_margin=&#8220;12px|12px|12px|12px|false|true&#8220; custom_padding=&#8220;12px|12px|12px|12px|true|true&#8220; global_colors_info=&#8220;{}&#8220;]<\/p>\n<h3><\/h3>\n<h6><span style=\"color: #ffffff;\">Unser Mani-Ject-Raseninjektor f\u00fcr Arbeitsbreiten von 7,90, 8,65 und 9,40 Metern zeichnet sich durch eine optimale Bodenanpassung aus. Dies ist dank der hydraulischen Bodendruckregelung f\u00fcr jedes Element m\u00f6glich.<\/span><span style=\"color: #ffffff;\"><\/span><\/h6>\n<p>[\/et_pb_text][et_pb_text admin_label=&#8220;Tekst&#8220; _builder_version=&#8220;4.16&#8243; _module_preset=&#8220;default&#8220; background_color=&#8220;#4E8F36&#8243; background_enable_image=&#8220;off&#8220; custom_margin=&#8220;12px|12px|12px|12px|false|true&#8220; custom_padding=&#8220;12px|12px|12px|12px|true|true&#8220; global_colors_info=&#8220;{}&#8220;]<\/p>\n<h3><strong><span style=\"color: #ffffff;\">Andere Merkmale<\/span><\/strong><\/h3>\n<h6><span style=\"color: #ffffff;\">&#8211; Geringes Eigengewicht durch kompakte Bauweise und Verwendung von hochfestem Stahl.<br \/>&#8211; Modularer Aufbau.<br \/>&#8211; Spurtreue und spielfreie Elemente mit Torsionsgummis.<br \/>&#8211; Hydraulisches Heben pro Element mit Parallelogrammkonstruktion.<br \/>&#8211; Pneumatische Standardventile.<br \/>&#8211; Verschlei\u00dffeste Einspritzscheiben mit einem Durchmesser von 30 Zentimetern.<br \/>&#8211; Wartungsfreie Lager mit Spezialdichtungen f\u00fcr G\u00fclle und Wasser.<\/span><span style=\"color: #ffffff;\"><\/span><\/h6>\n<p>[\/et_pb_text][et_pb_text admin_label=&#8220;Tekst&#8220; _builder_version=&#8220;4.16&#8243; _module_preset=&#8220;default&#8220; background_color=&#8220;#4E8F36&#8243; background_enable_image=&#8220;off&#8220; custom_margin=&#8220;12px|12px|12px|12px|false|true&#8220; custom_padding=&#8220;12px|12px|12px|12px|true|true&#8220; global_colors_info=&#8220;{}&#8220;]<\/p>\n<h3><strong><span style=\"color: #ffffff;\">Spezifikationen<\/span><\/strong><\/h3>\n<h6><span style=\"color: #ffffff;\">&#8211; Arbeitsbreiten: 7,90 Meter, 8,65 Meter und 9,40 Meter<br \/>&#8211; Nettogewicht: Ca. 2000 kg, 2175 kg und 2250 kg<br \/>&#8211; Abstand zwischen den Scheiben: 18,75 cm<br \/>&#8211; Beleuchtung: LED 12-24 Volt mit Markierungsschildern<br \/>&#8211; Transportsicherung hydraulisch<\/span><\/h6>\n<p>[\/et_pb_text][et_pb_text admin_label=&#8220;Tekst&#8220; _builder_version=&#8220;4.16&#8243; _module_preset=&#8220;default&#8220; background_color=&#8220;#4E8F36&#8243; background_enable_image=&#8220;off&#8220; custom_margin=&#8220;12px|12px|12px|12px|false|true&#8220; custom_padding=&#8220;12px|12px|12px|12px|true|true&#8220; global_colors_info=&#8220;{}&#8220;]<\/p>\n<h3><strong><span style=\"color: #ffffff;\">Optional<\/span><\/strong><\/h3>\n<h6><span style=\"color: #ffffff;\">&#8211; 40 cm verschlei\u00dffeste Einspritzscheiben<br \/>&#8211; Kompressor 12\/24V mit Luftbeh\u00e4lter f\u00fcr den Betrieb von Luftventilen<br \/>&#8211; Reihend\u00fcngung i.c.w. Hubelement<br \/>&#8211; Schnittanordnung i.c.w. Hubelement<br \/>&#8211; Transportabschirmung Einspritzscheiben<\/span><\/h6>\n<p>[\/et_pb_text][\/et_pb_column][et_pb_column type=&#8220;2_5&#8243; _builder_version=&#8220;4.16&#8243; _module_preset=&#8220;default&#8220; global_colors_info=&#8220;{}&#8220;][et_pb_divider show_divider=&#8220;off&#8220; _builder_version=&#8220;4.16&#8243; _module_preset=&#8220;default&#8220; height=&#8220;12px&#8220; global_colors_info=&#8220;{}&#8220;][\/et_pb_divider][et_pb_video src=&#8220;https:\/\/youtu.be\/XhE0Tyj_7kQ&#8220; _builder_version=&#8220;4.16&#8243; _module_preset=&#8220;default&#8220; global_colors_info=&#8220;{}&#8220;][\/et_pb_video][et_pb_divider show_divider=&#8220;off&#8220; _builder_version=&#8220;4.16&#8243; _module_preset=&#8220;default&#8220; global_colors_info=&#8220;{}&#8220;][\/et_pb_divider][et_pb_button button_text=&#8220;Informationsanfrage&#8220; button_alignment=&#8220;center&#8220; _builder_version=&#8220;4.16&#8243; _module_preset=&#8220;default&#8220; custom_button=&#8220;on&#8220; global_colors_info=&#8220;{}&#8220;][\/et_pb_button][et_pb_divider show_divider=&#8220;off&#8220; _builder_version=&#8220;4.16&#8243; _module_preset=&#8220;default&#8220; global_colors_info=&#8220;{}&#8220;][\/et_pb_divider][et_pb_text _builder_version=&#8220;4.16&#8243; _module_preset=&#8220;default&#8220; custom_margin=&#8220;-17px|||||&#8220; global_colors_info=&#8220;{}&#8220;]<\/p>\n<p><span><div class=\"wpforms-container wpforms-container-full\" id=\"wpforms-719\"><form id=\"wpforms-form-719\" class=\"wpforms-validate wpforms-form\" data-formid=\"719\" method=\"post\" enctype=\"multipart\/form-data\" action=\"\/de\/wp-json\/wp\/v2\/pages\/3233\" data-token=\"088aaee67a8c4fdfda39d92cfb985582\" data-token-time=\"1776521728\"><noscript class=\"wpforms-error-noscript\">Bitte aktiviere JavaScript in deinem Browser, um dieses Formular fertigzustellen.<\/noscript><div class=\"wpforms-field-container\"><div id=\"wpforms-719-field_0-container\" class=\"wpforms-field wpforms-field-name\" data-field-id=\"0\"><label class=\"wpforms-field-label\">Naam <span class=\"wpforms-required-label\">*<\/span><\/label><div class=\"wpforms-field-row wpforms-field-medium\"><div class=\"wpforms-field-row-block wpforms-first wpforms-one-half\"><input type=\"text\" id=\"wpforms-719-field_0\" class=\"wpforms-field-name-first wpforms-field-required\" name=\"wpforms[fields][0][first]\" required><label for=\"wpforms-719-field_0\" class=\"wpforms-field-sublabel after\">Vorname<\/label><\/div><div class=\"wpforms-field-row-block wpforms-one-half\"><input type=\"text\" id=\"wpforms-719-field_0-last\" class=\"wpforms-field-name-last wpforms-field-required\" name=\"wpforms[fields][0][last]\" required><label for=\"wpforms-719-field_0-last\" class=\"wpforms-field-sublabel after\">Nachname<\/label><\/div><\/div><\/div><div id=\"wpforms-719-field_3-container\" class=\"wpforms-field wpforms-field-number\" data-field-id=\"3\"><label class=\"wpforms-field-label\" for=\"wpforms-719-field_3\">Telefoonnummer <span class=\"wpforms-required-label\">*<\/span><\/label><input type=\"number\" id=\"wpforms-719-field_3\" class=\"wpforms-field-medium wpforms-field-required\" name=\"wpforms[fields][3]\" step=\"any\" required><\/div><div id=\"wpforms-719-field_1-container\" class=\"wpforms-field wpforms-field-email\" data-field-id=\"1\"><label class=\"wpforms-field-label\" for=\"wpforms-719-field_1\">E-mail <span class=\"wpforms-required-label\">*<\/span><\/label><input type=\"email\" id=\"wpforms-719-field_1\" class=\"wpforms-field-medium wpforms-field-required\" name=\"wpforms[fields][1]\" spellcheck=\"false\" required><\/div><div id=\"wpforms-719-field_2-container\" class=\"wpforms-field wpforms-field-textarea\" data-field-id=\"2\"><label class=\"wpforms-field-label\" for=\"wpforms-719-field_2\">Reactie of bericht <span class=\"wpforms-required-label\">*<\/span><\/label><textarea id=\"wpforms-719-field_2\" class=\"wpforms-field-medium wpforms-field-required\" name=\"wpforms[fields][2]\" required><\/textarea><\/div><\/div><!-- .wpforms-field-container --><div class=\"wpforms-recaptcha-container wpforms-is-recaptcha wpforms-is-recaptcha-type-v3\" ><input type=\"hidden\" name=\"wpforms[recaptcha]\" value=\"\"><\/div><div class=\"wpforms-submit-container\" ><input type=\"hidden\" name=\"wpforms[id]\" value=\"719\"><input type=\"hidden\" name=\"page_title\" value=\"\"><input type=\"hidden\" name=\"page_url\" value=\"https:\/\/elandmachines.nl\/de\/wp-json\/wp\/v2\/pages\/3233\"><input type=\"hidden\" name=\"url_referer\" value=\"\"><button type=\"submit\" name=\"wpforms[submit]\" id=\"wpforms-submit-719\" class=\"wpforms-submit\" data-alt-text=\"Verzenden...\" data-submit-text=\"Verstuur\" aria-live=\"assertive\" value=\"wpforms-submit\">Verstuur<\/button><\/div><\/form><\/div>  <!-- .wpforms-container --><\/span><\/p>\n<p>[\/et_pb_text][\/et_pb_column][\/et_pb_row][\/et_pb_section]<\/p>\n","protected":false},"excerpt":{"rendered":"<p>Unser Mani-Ject-Raseninjektor f\u00fcr Arbeitsbreiten von 7,90, 8,65 und 9,40 Metern zeichnet sich durch eine optimale Bodenanpassung aus. Dies ist dank der hydraulischen Bodendruckregelung f\u00fcr jedes Element m\u00f6glich.Andere Merkmale &#8211; Geringes Eigengewicht durch kompakte Bauweise und Verwendung von hochfestem Stahl.- Modularer Aufbau.- Spurtreue und spielfreie Elemente mit Torsionsgummis.- Hydraulisches Heben pro Element mit Parallelogrammkonstruktion.- Pneumatische Standardventile.- [&hellip;]<\/p>\n","protected":false},"author":1,"featured_media":0,"parent":3299,"menu_order":1,"comment_status":"closed","ping_status":"closed","template":"","meta":{"_et_pb_use_builder":"on","_et_pb_old_content":"","_et_gb_content_width":""},"yoast_head":"<!-- This site is optimized with the Yoast SEO plugin v20.12 - https:\/\/yoast.com\/wordpress\/plugins\/seo\/ -->\n<title>G\u00fclleverteiler | Optimale Bodenanpassung | Mani-Ject | ELAND Machines<\/title>\n<meta name=\"description\" content=\"Die G\u00fcllefr\u00e4se Mani-Ject 790\/940 von ELAND Machines f\u00fcr Arbeitsbreiten von 7,90 und 9,40 Metern zeichnet sich durch eine optimale Bodenanpassung aus.\" \/>\n<meta name=\"robots\" content=\"index, follow, max-snippet:-1, max-image-preview:large, max-video-preview:-1\" \/>\n<link rel=\"canonical\" href=\"https:\/\/elandmachines.nl\/de\/produkte\/duengemittel-fuer-rasen\/mani-objekt-790-865-940\/\" \/>\n<meta property=\"og:locale\" content=\"de_DE\" \/>\n<meta property=\"og:type\" content=\"article\" \/>\n<meta property=\"og:title\" content=\"G\u00fclleverteiler | Optimale Bodenanpassung | Mani-Ject | ELAND Machines\" \/>\n<meta property=\"og:description\" content=\"Die G\u00fcllefr\u00e4se Mani-Ject 790\/940 von ELAND Machines f\u00fcr Arbeitsbreiten von 7,90 und 9,40 Metern zeichnet sich durch eine optimale Bodenanpassung aus.\" \/>\n<meta property=\"og:url\" content=\"https:\/\/elandmachines.nl\/de\/produkte\/duengemittel-fuer-rasen\/mani-objekt-790-865-940\/\" \/>\n<meta property=\"og:site_name\" content=\"ElandMachines\" \/>\n<meta property=\"article:modified_time\" content=\"2024-06-19T17:01:00+00:00\" \/>\n<meta name=\"twitter:card\" content=\"summary_large_image\" \/>\n<meta name=\"twitter:label1\" content=\"Gesch\u00e4tzte Lesezeit\" \/>\n\t<meta name=\"twitter:data1\" content=\"4\u00a0Minuten\" \/>\n<script type=\"application\/ld+json\" class=\"yoast-schema-graph\">{\"@context\":\"https:\/\/schema.org\",\"@graph\":[{\"@type\":\"WebPage\",\"@id\":\"https:\/\/elandmachines.nl\/de\/produkte\/duengemittel-fuer-rasen\/mani-objekt-790-865-940\/\",\"url\":\"https:\/\/elandmachines.nl\/de\/produkte\/duengemittel-fuer-rasen\/mani-objekt-790-865-940\/\",\"name\":\"G\u00fclleverteiler | Optimale Bodenanpassung | Mani-Ject | ELAND Machines\",\"isPartOf\":{\"@id\":\"https:\/\/elandmachines.nl\/de\/#website\"},\"datePublished\":\"2020-11-19T16:41:09+00:00\",\"dateModified\":\"2024-06-19T17:01:00+00:00\",\"description\":\"Die G\u00fcllefr\u00e4se Mani-Ject 790\/940 von ELAND Machines f\u00fcr Arbeitsbreiten von 7,90 und 9,40 Metern zeichnet sich durch eine optimale Bodenanpassung aus.\",\"breadcrumb\":{\"@id\":\"https:\/\/elandmachines.nl\/de\/produkte\/duengemittel-fuer-rasen\/mani-objekt-790-865-940\/#breadcrumb\"},\"inLanguage\":\"de\",\"potentialAction\":[{\"@type\":\"ReadAction\",\"target\":[\"https:\/\/elandmachines.nl\/de\/produkte\/duengemittel-fuer-rasen\/mani-objekt-790-865-940\/\"]}]},{\"@type\":\"BreadcrumbList\",\"@id\":\"https:\/\/elandmachines.nl\/de\/produkte\/duengemittel-fuer-rasen\/mani-objekt-790-865-940\/#breadcrumb\",\"itemListElement\":[{\"@type\":\"ListItem\",\"position\":1,\"name\":\"Home\",\"item\":\"https:\/\/elandmachines.nl\/de\/\"},{\"@type\":\"ListItem\",\"position\":2,\"name\":\"Produkte\",\"item\":\"https:\/\/elandmachines.nl\/de\/?page_id=3304\"},{\"@type\":\"ListItem\",\"position\":3,\"name\":\"D\u00fcngemittel f\u00fcr Rasen\",\"item\":\"https:\/\/elandmachines.nl\/de\/?page_id=3299\"},{\"@type\":\"ListItem\",\"position\":4,\"name\":\"Mani-Objekt 790\/865\/940\"}]},{\"@type\":\"WebSite\",\"@id\":\"https:\/\/elandmachines.nl\/de\/#website\",\"url\":\"https:\/\/elandmachines.nl\/de\/\",\"name\":\"ElandMachines\",\"description\":\"\",\"potentialAction\":[{\"@type\":\"SearchAction\",\"target\":{\"@type\":\"EntryPoint\",\"urlTemplate\":\"https:\/\/elandmachines.nl\/de\/?s={search_term_string}\"},\"query-input\":\"required name=search_term_string\"}],\"inLanguage\":\"de\"}]}<\/script>\n<!-- \/ Yoast SEO plugin. -->","yoast_head_json":{"title":"G\u00fclleverteiler | Optimale Bodenanpassung | Mani-Ject | ELAND Machines","description":"Die G\u00fcllefr\u00e4se Mani-Ject 790\/940 von ELAND Machines f\u00fcr Arbeitsbreiten von 7,90 und 9,40 Metern zeichnet sich durch eine optimale Bodenanpassung aus.","robots":{"index":"index","follow":"follow","max-snippet":"max-snippet:-1","max-image-preview":"max-image-preview:large","max-video-preview":"max-video-preview:-1"},"canonical":"https:\/\/elandmachines.nl\/de\/produkte\/duengemittel-fuer-rasen\/mani-objekt-790-865-940\/","og_locale":"de_DE","og_type":"article","og_title":"G\u00fclleverteiler | Optimale Bodenanpassung | Mani-Ject | ELAND Machines","og_description":"Die G\u00fcllefr\u00e4se Mani-Ject 790\/940 von ELAND Machines f\u00fcr Arbeitsbreiten von 7,90 und 9,40 Metern zeichnet sich durch eine optimale Bodenanpassung aus.","og_url":"https:\/\/elandmachines.nl\/de\/produkte\/duengemittel-fuer-rasen\/mani-objekt-790-865-940\/","og_site_name":"ElandMachines","article_modified_time":"2024-06-19T17:01:00+00:00","twitter_card":"summary_large_image","twitter_misc":{"Gesch\u00e4tzte Lesezeit":"4\u00a0Minuten"},"schema":{"@context":"https:\/\/schema.org","@graph":[{"@type":"WebPage","@id":"https:\/\/elandmachines.nl\/de\/produkte\/duengemittel-fuer-rasen\/mani-objekt-790-865-940\/","url":"https:\/\/elandmachines.nl\/de\/produkte\/duengemittel-fuer-rasen\/mani-objekt-790-865-940\/","name":"G\u00fclleverteiler | Optimale Bodenanpassung | Mani-Ject | ELAND Machines","isPartOf":{"@id":"https:\/\/elandmachines.nl\/de\/#website"},"datePublished":"2020-11-19T16:41:09+00:00","dateModified":"2024-06-19T17:01:00+00:00","description":"Die G\u00fcllefr\u00e4se Mani-Ject 790\/940 von ELAND Machines f\u00fcr Arbeitsbreiten von 7,90 und 9,40 Metern zeichnet sich durch eine optimale Bodenanpassung aus.","breadcrumb":{"@id":"https:\/\/elandmachines.nl\/de\/produkte\/duengemittel-fuer-rasen\/mani-objekt-790-865-940\/#breadcrumb"},"inLanguage":"de","potentialAction":[{"@type":"ReadAction","target":["https:\/\/elandmachines.nl\/de\/produkte\/duengemittel-fuer-rasen\/mani-objekt-790-865-940\/"]}]},{"@type":"BreadcrumbList","@id":"https:\/\/elandmachines.nl\/de\/produkte\/duengemittel-fuer-rasen\/mani-objekt-790-865-940\/#breadcrumb","itemListElement":[{"@type":"ListItem","position":1,"name":"Home","item":"https:\/\/elandmachines.nl\/de\/"},{"@type":"ListItem","position":2,"name":"Produkte","item":"https:\/\/elandmachines.nl\/de\/?page_id=3304"},{"@type":"ListItem","position":3,"name":"D\u00fcngemittel f\u00fcr Rasen","item":"https:\/\/elandmachines.nl\/de\/?page_id=3299"},{"@type":"ListItem","position":4,"name":"Mani-Objekt 790\/865\/940"}]},{"@type":"WebSite","@id":"https:\/\/elandmachines.nl\/de\/#website","url":"https:\/\/elandmachines.nl\/de\/","name":"ElandMachines","description":"","potentialAction":[{"@type":"SearchAction","target":{"@type":"EntryPoint","urlTemplate":"https:\/\/elandmachines.nl\/de\/?s={search_term_string}"},"query-input":"required name=search_term_string"}],"inLanguage":"de"}]}},"_links":{"self":[{"href":"https:\/\/elandmachines.nl\/de\/wp-json\/wp\/v2\/pages\/3233"}],"collection":[{"href":"https:\/\/elandmachines.nl\/de\/wp-json\/wp\/v2\/pages"}],"about":[{"href":"https:\/\/elandmachines.nl\/de\/wp-json\/wp\/v2\/types\/page"}],"author":[{"embeddable":true,"href":"https:\/\/elandmachines.nl\/de\/wp-json\/wp\/v2\/users\/1"}],"replies":[{"embeddable":true,"href":"https:\/\/elandmachines.nl\/de\/wp-json\/wp\/v2\/comments?post=3233"}],"version-history":[{"count":14,"href":"https:\/\/elandmachines.nl\/de\/wp-json\/wp\/v2\/pages\/3233\/revisions"}],"predecessor-version":[{"id":3745,"href":"https:\/\/elandmachines.nl\/de\/wp-json\/wp\/v2\/pages\/3233\/revisions\/3745"}],"up":[{"embeddable":true,"href":"https:\/\/elandmachines.nl\/de\/wp-json\/wp\/v2\/pages\/3299"}],"wp:attachment":[{"href":"https:\/\/elandmachines.nl\/de\/wp-json\/wp\/v2\/media?parent=3233"}],"curies":[{"name":"wp","href":"https:\/\/api.w.org\/{rel}","templated":true}]}}