{"id":3299,"date":"2020-11-19T15:39:40","date_gmt":"2020-11-19T14:39:40","guid":{"rendered":"https:\/\/elandmachines.nl\/duengemittel-fuer-rasen\/"},"modified":"2023-08-04T09:38:31","modified_gmt":"2023-08-04T08:38:31","slug":"duengemittel-fuer-rasen","status":"publish","type":"page","link":"https:\/\/elandmachines.nl\/de\/produkte\/duengemittel-fuer-rasen\/","title":{"rendered":"D\u00fcngemittel f\u00fcr Rasen"},"content":{"rendered":"<p>[et_pb_section fb_built=&#8220;1&#8243; _builder_version=&#8220;4.16&#8243; _module_preset=&#8220;default&#8220; global_colors_info=&#8220;{}&#8220;][et_pb_row _builder_version=&#8220;4.17.6&#8243; _module_preset=&#8220;default&#8220; global_colors_info=&#8220;{}&#8220;][et_pb_column type=&#8220;4_4&#8243; _builder_version=&#8220;4.16&#8243; _module_preset=&#8220;default&#8220; global_colors_info=&#8220;{}&#8220;][et_pb_divider show_divider=&#8220;off&#8220; _builder_version=&#8220;4.16&#8243; _module_preset=&#8220;default&#8220; global_colors_info=&#8220;{}&#8220;][\/et_pb_divider][et_pb_divider show_divider=&#8220;off&#8220; _builder_version=&#8220;4.16&#8243; _module_preset=&#8220;default&#8220; global_colors_info=&#8220;{}&#8220;][\/et_pb_divider][et_pb_post_title meta=&#8220;off&#8220; featured_image=&#8220;off&#8220; _builder_version=&#8220;4.16&#8243; _module_preset=&#8220;default&#8220; custom_margin=&#8220;0px||||false|false&#8220; custom_margin_tablet=&#8220;-56px||||false|false&#8220; custom_margin_phone=&#8220;-95px||||false|false&#8220; custom_margin_last_edited=&#8220;on|phone&#8220; global_colors_info=&#8220;{}&#8220;][\/et_pb_post_title][et_pb_divider show_divider=&#8220;off&#8220; _builder_version=&#8220;4.16&#8243; _module_preset=&#8220;default&#8220; global_colors_info=&#8220;{}&#8220;][\/et_pb_divider][et_pb_divider show_divider=&#8220;off&#8220; _builder_version=&#8220;4.16&#8243; _module_preset=&#8220;default&#8220; global_colors_info=&#8220;{}&#8220;][\/et_pb_divider][\/et_pb_column][\/et_pb_row][et_pb_row column_structure=&#8220;1_2,1_2&#8243; _builder_version=&#8220;4.17.6&#8243; _module_preset=&#8220;default&#8220; background_color=&#8220;#4e8f36&#8243; custom_margin_tablet=&#8220;-61px||||false|false&#8220; custom_margin_phone=&#8220;&#8220; custom_margin_last_edited=&#8220;on|tablet&#8220; global_colors_info=&#8220;{}&#8220;][et_pb_column type=&#8220;1_2&#8243; _builder_version=&#8220;4.16&#8243; _module_preset=&#8220;default&#8220; global_colors_info=&#8220;{}&#8220;][et_pb_text admin_label=&#8220;Tekst&#8220; _builder_version=&#8220;4.17.6&#8243; _module_preset=&#8220;default&#8220; background_color=&#8220;#4E8F36&#8243; background_enable_image=&#8220;off&#8220; custom_margin=&#8220;|0px||0px|false|true&#8220; custom_padding=&#8220;12px|12px|12px|12px|true|true&#8220; locked=&#8220;off&#8220; global_colors_info=&#8220;{}&#8220;]<\/p>\n<h3><span style=\"color: #ffffff;\"><strong>Wartungsarme G\u00fclleinjektoren<\/strong><\/span><\/h3>\n<h6><span style=\"color: #ffffff;\">An der Unterseite der Rahmen unserer G\u00fclleinjektoren befinden sich Nachlaufelemente, die durch einen Hydraulikzylinder angehoben werden. Dies gew\u00e4hrleistet eine optimale Bodenanpassung mit einer Reichweite von fast 30 Zentimetern. Um den Druck auf alle Elemente konstant zu halten, sind die Reihenstreuer mit einem hydraulischen Ausgleichssystem ausgestattet.<br \/>Jedes Element hat 2 Einspritzscheiben von 30 oder 40 cm Durchmesser, die auf wartungsfreien (!) Lagern montiert sind. Der Abstand zwischen den Scheiben betr\u00e4gt 18,75 cm.<br \/>ELAND Machines liefert standardm\u00e4\u00dfig Gr\u00fcnland-G\u00fclleverteiler mit Luftventilen. Durch die Verwendung einer Parallelogramm-Konstruktion bleibt das Ventil mit dem Auslassstutzen immer senkrecht.<\/span><\/h6>\n<p>[\/et_pb_text][\/et_pb_column][et_pb_column type=&#8220;1_2&#8243; _builder_version=&#8220;4.16&#8243; _module_preset=&#8220;default&#8220; global_colors_info=&#8220;{}&#8220;][et_pb_text admin_label=&#8220;Tekst&#8220; _builder_version=&#8220;4.17.6&#8243; _module_preset=&#8220;default&#8220; background_color=&#8220;#4E8F36&#8243; background_enable_image=&#8220;off&#8220; custom_margin=&#8220;|0px||0px|false|true&#8220; custom_padding=&#8220;12px|12px|12px|12px|true|true&#8220; hover_enabled=&#8220;0&#8243; global_colors_info=&#8220;{}&#8220; sticky_enabled=&#8220;0&#8243;]<\/p>\n<h3><strong><span style=\"color: #ffffff;\">Warum ein Sodeninjektor von ELAND?<\/span><\/strong><\/h3>\n<p><strong><span style=\"color: #ffffff;\"><\/span><\/strong><\/p>\n<ul>\n\t<strong><span style=\"color: #ffffff;\"><\/p>\n<li><strong><span style=\"color: #ffffff;\">Geringes Gewicht und geringe Wartung<\/span><\/strong><\/li>\n<li><strong><span style=\"color: #ffffff;\">Wartungsfreie Lager f\u00fcr Einspritzd\u00fcsen<\/span><\/strong><\/li>\n<li><strong><span style=\"color: #ffffff;\">Spurverfolgende Elemente<\/span><\/strong><\/li>\n<li><strong><span style=\"color: #ffffff;\">Hydraulische Bodenverfolgung pro Element<\/span><\/strong><\/li>\n<li><strong><span style=\"color: #ffffff;\">Pr\u00e4zise G\u00fclleverteilung dank Pr\u00e4zisionsd\u00fcngerstreuer<\/span><\/strong><\/li>\n<li><strong><span style=\"color: #ffffff;\">Einfach, solide und gut durchdacht<\/span><\/strong><\/li>\n<li><strong><span style=\"color: #ffffff;\"> Niederl\u00e4ndische Herstellung<\/span><\/strong><\/li>\n<\/ul>\n<p>&nbsp;[\/et_pb_text][\/et_pb_column][\/et_pb_row][et_pb_row column_structure=&#8220;1_2,1_2&#8243; _builder_version=&#8220;4.16&#8243; _module_preset=&#8220;default&#8220; custom_margin_tablet=&#8220;-61px||||false|false&#8220; custom_margin_phone=&#8220;&#8220; custom_margin_last_edited=&#8220;on|tablet&#8220; global_colors_info=&#8220;{}&#8220;][et_pb_column type=&#8220;1_2&#8243; _builder_version=&#8220;4.16&#8243; _module_preset=&#8220;default&#8220; global_colors_info=&#8220;{}&#8220;][et_pb_image src=&#8220;https:\/\/elandmachines.nl\/wp-content\/uploads\/2020\/11\/Maniject_790-940_intro.jpg&#8220; url=&#8220;https:\/\/elandmachines.nl\/de\/?page_id=3233&#8243; align=&#8220;center&#8220; _builder_version=&#8220;4.17.6&#8243; _module_preset=&#8220;default&#8220; custom_margin=&#8220;|10px||10px|false|true&#8220; custom_margin_tablet=&#8220;&#8220; custom_margin_phone=&#8220;||20px||false|true&#8220; custom_margin_last_edited=&#8220;on|phone&#8220; global_colors_info=&#8220;{}&#8220;][\/et_pb_image][\/et_pb_column][et_pb_column type=&#8220;1_2&#8243; _builder_version=&#8220;4.16&#8243; _module_preset=&#8220;default&#8220; global_colors_info=&#8220;{}&#8220;][et_pb_image src=&#8220;https:\/\/elandmachines.nl\/wp-content\/uploads\/2020\/11\/Maniject_1090-1240_intro.jpg&#8220; url=&#8220;https:\/\/elandmachines.nl\/producten\/zodebemesters\/zodenbemester-laag-eigen-gewicht-mani-ject-eland-machines\/&#8220; align=&#8220;center&#8220; _builder_version=&#8220;4.17.6&#8243; _module_preset=&#8220;default&#8220; custom_margin=&#8220;|10px||10px|false|false&#8220; global_colors_info=&#8220;{}&#8220;][\/et_pb_image][\/et_pb_column][\/et_pb_row][\/et_pb_section]<\/p>\n","protected":false},"excerpt":{"rendered":"<p>Wartungsarme G\u00fclleinjektoren An der Unterseite der Rahmen unserer G\u00fclleinjektoren befinden sich Nachlaufelemente, die durch einen Hydraulikzylinder angehoben werden. Dies gew\u00e4hrleistet eine optimale Bodenanpassung mit einer Reichweite von fast 30 Zentimetern. Um den Druck auf alle Elemente konstant zu halten, sind die Reihenstreuer mit einem hydraulischen Ausgleichssystem ausgestattet.Jedes Element hat 2 Einspritzscheiben von 30 oder 40 [&hellip;]<\/p>\n","protected":false},"author":1,"featured_media":0,"parent":3304,"menu_order":4,"comment_status":"closed","ping_status":"closed","template":"","meta":{"_et_pb_use_builder":"on","_et_pb_old_content":"","_et_gb_content_width":""},"yoast_head":"<!-- This site is optimized with the Yoast SEO plugin v20.12 - https:\/\/yoast.com\/wordpress\/plugins\/seo\/ -->\n<title>D\u00fcngemittel f\u00fcr Rasen - ElandMachines<\/title>\n<meta name=\"robots\" content=\"index, follow, max-snippet:-1, max-image-preview:large, max-video-preview:-1\" \/>\n<link rel=\"canonical\" href=\"https:\/\/elandmachines.nl\/de\/produkte\/duengemittel-fuer-rasen\/\" \/>\n<meta property=\"og:locale\" content=\"de_DE\" \/>\n<meta property=\"og:type\" content=\"article\" \/>\n<meta property=\"og:title\" content=\"D\u00fcngemittel f\u00fcr Rasen - ElandMachines\" \/>\n<meta property=\"og:description\" content=\"Wartungsarme G\u00fclleinjektoren An der Unterseite der Rahmen unserer G\u00fclleinjektoren befinden sich Nachlaufelemente, die durch einen Hydraulikzylinder angehoben werden. Dies gew\u00e4hrleistet eine optimale Bodenanpassung mit einer Reichweite von fast 30 Zentimetern. Um den Druck auf alle Elemente konstant zu halten, sind die Reihenstreuer mit einem hydraulischen Ausgleichssystem ausgestattet.Jedes Element hat 2 Einspritzscheiben von 30 oder 40 [&hellip;]\" \/>\n<meta property=\"og:url\" content=\"https:\/\/elandmachines.nl\/de\/produkte\/duengemittel-fuer-rasen\/\" \/>\n<meta property=\"og:site_name\" content=\"ElandMachines\" \/>\n<meta property=\"article:modified_time\" content=\"2023-08-04T08:38:31+00:00\" \/>\n<meta name=\"twitter:card\" content=\"summary_large_image\" \/>\n<meta name=\"twitter:label1\" content=\"Gesch\u00e4tzte Lesezeit\" \/>\n\t<meta name=\"twitter:data1\" content=\"3\u00a0Minuten\" \/>\n<script type=\"application\/ld+json\" class=\"yoast-schema-graph\">{\"@context\":\"https:\/\/schema.org\",\"@graph\":[{\"@type\":\"WebPage\",\"@id\":\"https:\/\/elandmachines.nl\/de\/produkte\/duengemittel-fuer-rasen\/\",\"url\":\"https:\/\/elandmachines.nl\/de\/produkte\/duengemittel-fuer-rasen\/\",\"name\":\"D\u00fcngemittel f\u00fcr Rasen - ElandMachines\",\"isPartOf\":{\"@id\":\"https:\/\/elandmachines.nl\/de\/#website\"},\"datePublished\":\"2020-11-19T14:39:40+00:00\",\"dateModified\":\"2023-08-04T08:38:31+00:00\",\"breadcrumb\":{\"@id\":\"https:\/\/elandmachines.nl\/de\/produkte\/duengemittel-fuer-rasen\/#breadcrumb\"},\"inLanguage\":\"de\",\"potentialAction\":[{\"@type\":\"ReadAction\",\"target\":[\"https:\/\/elandmachines.nl\/de\/produkte\/duengemittel-fuer-rasen\/\"]}]},{\"@type\":\"BreadcrumbList\",\"@id\":\"https:\/\/elandmachines.nl\/de\/produkte\/duengemittel-fuer-rasen\/#breadcrumb\",\"itemListElement\":[{\"@type\":\"ListItem\",\"position\":1,\"name\":\"Home\",\"item\":\"https:\/\/elandmachines.nl\/de\/\"},{\"@type\":\"ListItem\",\"position\":2,\"name\":\"Produkte\",\"item\":\"https:\/\/elandmachines.nl\/de\/?page_id=3304\"},{\"@type\":\"ListItem\",\"position\":3,\"name\":\"D\u00fcngemittel f\u00fcr Rasen\"}]},{\"@type\":\"WebSite\",\"@id\":\"https:\/\/elandmachines.nl\/de\/#website\",\"url\":\"https:\/\/elandmachines.nl\/de\/\",\"name\":\"ElandMachines\",\"description\":\"\",\"potentialAction\":[{\"@type\":\"SearchAction\",\"target\":{\"@type\":\"EntryPoint\",\"urlTemplate\":\"https:\/\/elandmachines.nl\/de\/?s={search_term_string}\"},\"query-input\":\"required name=search_term_string\"}],\"inLanguage\":\"de\"}]}<\/script>\n<!-- \/ Yoast SEO plugin. -->","yoast_head_json":{"title":"D\u00fcngemittel f\u00fcr Rasen - ElandMachines","robots":{"index":"index","follow":"follow","max-snippet":"max-snippet:-1","max-image-preview":"max-image-preview:large","max-video-preview":"max-video-preview:-1"},"canonical":"https:\/\/elandmachines.nl\/de\/produkte\/duengemittel-fuer-rasen\/","og_locale":"de_DE","og_type":"article","og_title":"D\u00fcngemittel f\u00fcr Rasen - ElandMachines","og_description":"Wartungsarme G\u00fclleinjektoren An der Unterseite der Rahmen unserer G\u00fclleinjektoren befinden sich Nachlaufelemente, die durch einen Hydraulikzylinder angehoben werden. Dies gew\u00e4hrleistet eine optimale Bodenanpassung mit einer Reichweite von fast 30 Zentimetern. Um den Druck auf alle Elemente konstant zu halten, sind die Reihenstreuer mit einem hydraulischen Ausgleichssystem ausgestattet.Jedes Element hat 2 Einspritzscheiben von 30 oder 40 [&hellip;]","og_url":"https:\/\/elandmachines.nl\/de\/produkte\/duengemittel-fuer-rasen\/","og_site_name":"ElandMachines","article_modified_time":"2023-08-04T08:38:31+00:00","twitter_card":"summary_large_image","twitter_misc":{"Gesch\u00e4tzte Lesezeit":"3\u00a0Minuten"},"schema":{"@context":"https:\/\/schema.org","@graph":[{"@type":"WebPage","@id":"https:\/\/elandmachines.nl\/de\/produkte\/duengemittel-fuer-rasen\/","url":"https:\/\/elandmachines.nl\/de\/produkte\/duengemittel-fuer-rasen\/","name":"D\u00fcngemittel f\u00fcr Rasen - ElandMachines","isPartOf":{"@id":"https:\/\/elandmachines.nl\/de\/#website"},"datePublished":"2020-11-19T14:39:40+00:00","dateModified":"2023-08-04T08:38:31+00:00","breadcrumb":{"@id":"https:\/\/elandmachines.nl\/de\/produkte\/duengemittel-fuer-rasen\/#breadcrumb"},"inLanguage":"de","potentialAction":[{"@type":"ReadAction","target":["https:\/\/elandmachines.nl\/de\/produkte\/duengemittel-fuer-rasen\/"]}]},{"@type":"BreadcrumbList","@id":"https:\/\/elandmachines.nl\/de\/produkte\/duengemittel-fuer-rasen\/#breadcrumb","itemListElement":[{"@type":"ListItem","position":1,"name":"Home","item":"https:\/\/elandmachines.nl\/de\/"},{"@type":"ListItem","position":2,"name":"Produkte","item":"https:\/\/elandmachines.nl\/de\/?page_id=3304"},{"@type":"ListItem","position":3,"name":"D\u00fcngemittel f\u00fcr Rasen"}]},{"@type":"WebSite","@id":"https:\/\/elandmachines.nl\/de\/#website","url":"https:\/\/elandmachines.nl\/de\/","name":"ElandMachines","description":"","potentialAction":[{"@type":"SearchAction","target":{"@type":"EntryPoint","urlTemplate":"https:\/\/elandmachines.nl\/de\/?s={search_term_string}"},"query-input":"required name=search_term_string"}],"inLanguage":"de"}]}},"_links":{"self":[{"href":"https:\/\/elandmachines.nl\/de\/wp-json\/wp\/v2\/pages\/3299"}],"collection":[{"href":"https:\/\/elandmachines.nl\/de\/wp-json\/wp\/v2\/pages"}],"about":[{"href":"https:\/\/elandmachines.nl\/de\/wp-json\/wp\/v2\/types\/page"}],"author":[{"embeddable":true,"href":"https:\/\/elandmachines.nl\/de\/wp-json\/wp\/v2\/users\/1"}],"replies":[{"embeddable":true,"href":"https:\/\/elandmachines.nl\/de\/wp-json\/wp\/v2\/comments?post=3299"}],"version-history":[{"count":5,"href":"https:\/\/elandmachines.nl\/de\/wp-json\/wp\/v2\/pages\/3299\/revisions"}],"predecessor-version":[{"id":3401,"href":"https:\/\/elandmachines.nl\/de\/wp-json\/wp\/v2\/pages\/3299\/revisions\/3401"}],"up":[{"embeddable":true,"href":"https:\/\/elandmachines.nl\/de\/wp-json\/wp\/v2\/pages\/3304"}],"wp:attachment":[{"href":"https:\/\/elandmachines.nl\/de\/wp-json\/wp\/v2\/media?parent=3299"}],"curies":[{"name":"wp","href":"https:\/\/api.w.org\/{rel}","templated":true}]}}