{"id":3346,"date":"2020-11-19T17:43:17","date_gmt":"2020-11-19T16:43:17","guid":{"rendered":"https:\/\/elandmachines.nl\/duengemittel-fuer-rasen\/mani-ject-1090-1240\/"},"modified":"2023-08-04T10:15:49","modified_gmt":"2023-08-04T09:15:49","slug":"mani-ject-1090-1240","status":"publish","type":"page","link":"https:\/\/elandmachines.nl\/de\/produkte\/duengemittel-fuer-rasen\/mani-ject-1090-1240\/","title":{"rendered":"Mani-Ject 1090\/1240"},"content":{"rendered":"<p>[et_pb_section fb_built=&#8220;1&#8243; _builder_version=&#8220;4.16&#8243; _module_preset=&#8220;default&#8220; width=&#8220;100%&#8220; global_colors_info=&#8220;{}&#8220;][et_pb_row _builder_version=&#8220;4.16&#8243; _module_preset=&#8220;default&#8220; global_colors_info=&#8220;{}&#8220;][et_pb_column type=&#8220;4_4&#8243; _builder_version=&#8220;4.16&#8243; _module_preset=&#8220;default&#8220; global_colors_info=&#8220;{}&#8220;][et_pb_post_title meta=&#8220;off&#8220; featured_image=&#8220;off&#8220; _builder_version=&#8220;4.16&#8243; _module_preset=&#8220;default&#8220; custom_margin=&#8220;0px||||false|false&#8220; custom_margin_tablet=&#8220;-56px||||false|false&#8220; custom_margin_phone=&#8220;&#8220; custom_margin_last_edited=&#8220;on|phone&#8220; global_colors_info=&#8220;{}&#8220;][\/et_pb_post_title][\/et_pb_column][\/et_pb_row][et_pb_row column_structure=&#8220;1_2,1_2&#8243; _builder_version=&#8220;4.16&#8243; _module_preset=&#8220;default&#8220; custom_margin_tablet=&#8220;-60px||||false|false&#8220; custom_margin_phone=&#8220;&#8220; custom_margin_last_edited=&#8220;on|phone&#8220; global_colors_info=&#8220;{}&#8220;][et_pb_column type=&#8220;1_2&#8243; _builder_version=&#8220;4.16&#8243; _module_preset=&#8220;default&#8220; global_colors_info=&#8220;{}&#8220;][et_pb_image src=&#8220;https:\/\/elandmachines.nl\/wp-content\/uploads\/2022\/11\/20200708-DJI_0766.jpg&#8220; alt=&#8220;MooseMachines_Mani Projekt&#8220; _builder_version=&#8220;4.17.6&#8243; _module_preset=&#8220;default&#8220; custom_margin=&#8220;20px|10px|20px|10px|true|true&#8220; global_colors_info=&#8220;{}&#8220;][\/et_pb_image][et_pb_image src=&#8220;https:\/\/elandmachines.nl\/wp-content\/uploads\/2021\/07\/4U8A5845.jpg&#8220; alt=&#8220;MooseMachines_Mani Projekt&#8220; src_tablet=&#8220;&#8220; src_phone=&#8220;&#8220; src_last_edited=&#8220;on|desktop&#8220; _builder_version=&#8220;4.17.6&#8243; _module_preset=&#8220;default&#8220; custom_margin=&#8220;20px|10px|20px|10px|true|true&#8220; custom_padding=&#8220;||115px|||&#8220; global_colors_info=&#8220;{}&#8220;][\/et_pb_image][\/et_pb_column][et_pb_column type=&#8220;1_2&#8243; _builder_version=&#8220;4.16&#8243; _module_preset=&#8220;default&#8220; global_colors_info=&#8220;{}&#8220;][et_pb_image src=&#8220;https:\/\/elandmachines.nl\/wp-content\/uploads\/2022\/11\/4U8A8414.jpg&#8220; alt=&#8220;MooseMachines_Mani Projekt&#8220; _builder_version=&#8220;4.17.6&#8243; _module_preset=&#8220;default&#8220; custom_margin=&#8220;20px|10px|20px|10px|true|false&#8220; global_colors_info=&#8220;{}&#8220;][\/et_pb_image][et_pb_image src=&#8220;https:\/\/elandmachines.nl\/wp-content\/uploads\/2021\/07\/4U8A5830.jpg&#8220; alt=&#8220;MooseMachines_Mani Projekt&#8220; _builder_version=&#8220;4.17.6&#8243; _module_preset=&#8220;default&#8220; custom_margin=&#8220;20px|10px|20px|10px|true|true&#8220; global_colors_info=&#8220;{}&#8220;][\/et_pb_image][\/et_pb_column][\/et_pb_row][et_pb_row column_structure=&#8220;3_5,2_5&#8243; _builder_version=&#8220;4.16&#8243; _module_preset=&#8220;default&#8220; global_colors_info=&#8220;{}&#8220;][et_pb_column type=&#8220;3_5&#8243; _builder_version=&#8220;4.16&#8243; _module_preset=&#8220;default&#8220; global_colors_info=&#8220;{}&#8220;][et_pb_text admin_label=&#8220;Tekst&#8220; _builder_version=&#8220;4.16&#8243; _module_preset=&#8220;default&#8220; background_color=&#8220;#4E8F36&#8243; background_enable_image=&#8220;off&#8220; custom_margin=&#8220;|12px||12px|false|true&#8220; custom_padding=&#8220;12px|12px|12px|12px|true|true&#8220; global_colors_info=&#8220;{}&#8220;]<\/p>\n<h3><\/h3>\n<h6><span style=\"color: #ffffff;\">Unser G\u00fclleinjektor Mani-Ject 1090\/1240 zeichnet sich durch ein geringes Eigengewicht (3.200 kg) aus, dank seiner kompakten Bauweise und der Verwendung von hochfestem Stahl. Dank dieses starken Stahls k\u00f6nnen wir diesen Scheibeninjektor aus d\u00fcnnerem Material herstellen. Ihr Boden und Ihre Pflanzen werden davon profitieren.<br \/>Au\u00dferdem ist die Injektionswirkung aufgrund der speziellen Form der Injektionsscheiben sehr gut (auch auf trockenen und harten Untergr\u00fcnden). Das Ergebnis: schnelles Nachwachsen der Pflanzen nach der D\u00fcngung. <br \/><\/span><\/h6>\n<p>[\/et_pb_text][et_pb_text admin_label=&#8220;Tekst&#8220; _builder_version=&#8220;4.16&#8243; _module_preset=&#8220;default&#8220; background_color=&#8220;#4E8F36&#8243; background_enable_image=&#8220;off&#8220; custom_margin=&#8220;12px|12px|12px|12px|false|true&#8220; custom_padding=&#8220;12px|12px|12px|12px|true|true&#8220; global_colors_info=&#8220;{}&#8220;]<\/p>\n<h3><strong><span style=\"color: #ffffff;\">Andere Merkmale<\/span><\/strong><\/h3>\n<h6><span style=\"color: #ffffff;\">&#8211; Optimale Bodenanpassung durch hydraulische Bodendruckregelung pro Element.<br \/><\/span><span style=\"color: #ffffff;\">&#8211; Hydraulisches Heben pro Element mit Parallelogrammkonstruktion.<br \/><\/span><span style=\"color: #ffffff;\">&#8211; <\/span><span style=\"color: #ffffff;\">Hydraulisches Pendelsystem f\u00fcr maximale Reichweite.<br \/><\/span><span style=\"color: #ffffff;\">&#8211; Transportsicherung: hydraulisch.<br \/><\/span><span style=\"color: #ffffff;\">&#8211; Modularer Aufbau und kombinierbar z.B. mit einem selbstfahrenden G\u00fcllebeh\u00e4lter und einem angeh\u00e4ngten Beh\u00e4lter und Schleppschlauchtraktor.<br \/>&#8211; Spurtreue und spielfreie Elemente mit Torsionsgummis.<br \/>&#8211; Pneumatische Standardventile.<br \/>&#8211; Verschlei\u00dffeste Einspritzscheiben mit einem Durchmesser von 30 Zentimetern.<br \/>&#8211; Wartungsfreie Gelenke und wartungsfreie Lager mit speziellen Dichtungen f\u00fcr G\u00fclle und Wasser.<\/span><\/h6>\n<p>[\/et_pb_text][et_pb_text admin_label=&#8220;Tekst&#8220; _builder_version=&#8220;4.16&#8243; _module_preset=&#8220;default&#8220; background_color=&#8220;#4E8F36&#8243; background_enable_image=&#8220;off&#8220; custom_margin=&#8220;12px|12px|12px|12px|false|true&#8220; custom_padding=&#8220;12px|12px|12px|12px|true|true&#8220; global_colors_info=&#8220;{}&#8220;]<\/p>\n<h3><strong><span style=\"color: #ffffff;\"> Spezifikationen<\/span><\/strong><\/h3>\n<h6><span style=\"color: #ffffff;\">&#8211; Arbeitsbreiten: 10,90 m (3050 kg) und 12,40 m (3200 kg)<br \/>&#8211; Scheibenabstand: 18,75 cm<br \/><\/span><span style=\"color: #ffffff;\"><\/span><span style=\"color: #ffffff;\"><\/span><span style=\"color: #ffffff;\">&#8211; Scheibendurchmesser: 30 oder 40 cm<br \/><\/span><span style=\"color: #ffffff;\">&#8211; 58 oder 66 Einspritzscheiben f\u00fcr eine pr\u00e4zise Verteilung<br \/><\/span><span style=\"color: #ffffff;\">&#8211; 2 pr\u00e4zise Hochdruckverteiler f\u00fcr eine hohe Kapazit\u00e4t<br \/><\/span><span style=\"color: #ffffff;\"><\/span><span style=\"color: #ffffff;\">&#8211; Beleuchtung: LED 12-24 Volt mit Markierungsschildern <br \/><\/span> <\/h6>\n<p>[\/et_pb_text][et_pb_text admin_label=&#8220;Tekst&#8220; _builder_version=&#8220;4.16&#8243; _module_preset=&#8220;default&#8220; background_color=&#8220;#4E8F36&#8243; background_enable_image=&#8220;off&#8220; custom_margin=&#8220;12px|12px|12px|12px|false|true&#8220; custom_padding=&#8220;12px|12px|12px|12px|true|true&#8220; global_colors_info=&#8220;{}&#8220;]<\/p>\n<h3><strong><span style=\"color: #ffffff;\">Optional<\/span><\/strong><\/h3>\n<h6><span style=\"color: #ffffff;\">&#8211; 40 cm verschlei\u00dffeste Einspritzscheiben<br \/>&#8211; Kompressor 12\/24V mit Luftbeh\u00e4lter f\u00fcr den Betrieb von Luftventilen<br \/>&#8211; Reihend\u00fcngung i.c.w. Hubelement<br \/>&#8211; Schnittanordnung i.c.w. Hubelement<br \/>&#8211; Transportabschirmung Einspritzscheiben <\/span><\/h6>\n<p>[\/et_pb_text][\/et_pb_column][et_pb_column type=&#8220;2_5&#8243; _builder_version=&#8220;4.16&#8243; _module_preset=&#8220;default&#8220; global_colors_info=&#8220;{}&#8220;][et_pb_video src=&#8220;https:\/\/youtu.be\/JeAw9bM9N_M&#8220; _builder_version=&#8220;4.16&#8243; _module_preset=&#8220;default&#8220; global_colors_info=&#8220;{}&#8220;][\/et_pb_video][et_pb_divider show_divider=&#8220;off&#8220; _builder_version=&#8220;4.16&#8243; _module_preset=&#8220;default&#8220; global_colors_info=&#8220;{}&#8220;][\/et_pb_divider][et_pb_button button_text=&#8220;Informationsanfrage&#8220; button_alignment=&#8220;center&#8220; _builder_version=&#8220;4.16&#8243; _module_preset=&#8220;default&#8220; custom_button=&#8220;on&#8220; global_colors_info=&#8220;{}&#8220;][\/et_pb_button][et_pb_divider show_divider=&#8220;off&#8220; _builder_version=&#8220;4.16&#8243; _module_preset=&#8220;default&#8220; global_colors_info=&#8220;{}&#8220;][\/et_pb_divider][et_pb_text _builder_version=&#8220;4.16&#8243; _module_preset=&#8220;default&#8220; global_colors_info=&#8220;{}&#8220;]<\/p>\n<p><span><div class=\"wpforms-container wpforms-container-full\" id=\"wpforms-718\"><form id=\"wpforms-form-718\" class=\"wpforms-validate wpforms-form\" data-formid=\"718\" method=\"post\" enctype=\"multipart\/form-data\" action=\"\/de\/wp-json\/wp\/v2\/pages\/3346\" data-token=\"236f78c68c5a54861ae92149afc603f5\" data-token-time=\"1776516727\"><noscript class=\"wpforms-error-noscript\">Bitte aktiviere JavaScript in deinem Browser, um dieses Formular fertigzustellen.<\/noscript><div class=\"wpforms-field-container\"><div id=\"wpforms-718-field_0-container\" class=\"wpforms-field wpforms-field-name\" data-field-id=\"0\"><label class=\"wpforms-field-label\">Naam <span class=\"wpforms-required-label\">*<\/span><\/label><div class=\"wpforms-field-row wpforms-field-medium\"><div class=\"wpforms-field-row-block wpforms-first wpforms-one-half\"><input type=\"text\" id=\"wpforms-718-field_0\" class=\"wpforms-field-name-first wpforms-field-required\" name=\"wpforms[fields][0][first]\" required><label for=\"wpforms-718-field_0\" class=\"wpforms-field-sublabel after\">Vorname<\/label><\/div><div class=\"wpforms-field-row-block wpforms-one-half\"><input type=\"text\" id=\"wpforms-718-field_0-last\" class=\"wpforms-field-name-last wpforms-field-required\" name=\"wpforms[fields][0][last]\" required><label for=\"wpforms-718-field_0-last\" class=\"wpforms-field-sublabel after\">Nachname<\/label><\/div><\/div><\/div><div id=\"wpforms-718-field_3-container\" class=\"wpforms-field wpforms-field-number\" data-field-id=\"3\"><label class=\"wpforms-field-label\" for=\"wpforms-718-field_3\">Telefoonnummer <span class=\"wpforms-required-label\">*<\/span><\/label><input type=\"number\" id=\"wpforms-718-field_3\" class=\"wpforms-field-medium wpforms-field-required\" name=\"wpforms[fields][3]\" step=\"any\" required><\/div><div id=\"wpforms-718-field_1-container\" class=\"wpforms-field wpforms-field-email\" data-field-id=\"1\"><label class=\"wpforms-field-label\" for=\"wpforms-718-field_1\">E-mail <span class=\"wpforms-required-label\">*<\/span><\/label><input type=\"email\" id=\"wpforms-718-field_1\" class=\"wpforms-field-medium wpforms-field-required\" name=\"wpforms[fields][1]\" spellcheck=\"false\" required><\/div><div id=\"wpforms-718-field_2-container\" class=\"wpforms-field wpforms-field-textarea\" data-field-id=\"2\"><label class=\"wpforms-field-label\" for=\"wpforms-718-field_2\">Reactie of bericht <span class=\"wpforms-required-label\">*<\/span><\/label><textarea id=\"wpforms-718-field_2\" class=\"wpforms-field-medium wpforms-field-required\" name=\"wpforms[fields][2]\" required><\/textarea><\/div><\/div><!-- .wpforms-field-container --><div class=\"wpforms-recaptcha-container wpforms-is-recaptcha wpforms-is-recaptcha-type-v3\" ><input type=\"hidden\" name=\"wpforms[recaptcha]\" value=\"\"><\/div><div class=\"wpforms-submit-container\" ><input type=\"hidden\" name=\"wpforms[id]\" value=\"718\"><input type=\"hidden\" name=\"page_title\" value=\"\"><input type=\"hidden\" name=\"page_url\" value=\"https:\/\/elandmachines.nl\/de\/wp-json\/wp\/v2\/pages\/3346\"><input type=\"hidden\" name=\"url_referer\" value=\"\"><button type=\"submit\" name=\"wpforms[submit]\" id=\"wpforms-submit-718\" class=\"wpforms-submit\" data-alt-text=\"Verzenden...\" data-submit-text=\"Verstuur\" aria-live=\"assertive\" value=\"wpforms-submit\">Verstuur<\/button><\/div><\/form><\/div>  <!-- .wpforms-container --><\/span><\/p>\n<p>[\/et_pb_text][\/et_pb_column][\/et_pb_row][\/et_pb_section]<\/p>\n","protected":false},"excerpt":{"rendered":"<p>Unser G\u00fclleinjektor Mani-Ject 1090\/1240 zeichnet sich durch ein geringes Eigengewicht (3.200 kg) aus, dank seiner kompakten Bauweise und der Verwendung von hochfestem Stahl. Dank dieses starken Stahls k\u00f6nnen wir diesen Scheibeninjektor aus d\u00fcnnerem Material herstellen. Ihr Boden und Ihre Pflanzen werden davon profitieren.Au\u00dferdem ist die Injektionswirkung aufgrund der speziellen Form der Injektionsscheiben sehr gut (auch [&hellip;]<\/p>\n","protected":false},"author":1,"featured_media":0,"parent":3299,"menu_order":1,"comment_status":"closed","ping_status":"closed","template":"","meta":{"_et_pb_use_builder":"on","_et_pb_old_content":"","_et_gb_content_width":""},"yoast_head":"<!-- This site is optimized with the Yoast SEO plugin v20.12 - https:\/\/yoast.com\/wordpress\/plugins\/seo\/ -->\n<title>Injektionsger\u00e4t | Geringes Eigengewicht | Mani-Ject | ELAND Machines<\/title>\n<meta name=\"description\" content=\"Der G\u00fclleverteiler Mani-Ject 1090\/1240 von ELAND Machines zeichnet sich durch sein geringes Eigengewicht aus.\" \/>\n<meta name=\"robots\" content=\"index, follow, max-snippet:-1, max-image-preview:large, max-video-preview:-1\" \/>\n<link rel=\"canonical\" href=\"https:\/\/elandmachines.nl\/de\/produkte\/duengemittel-fuer-rasen\/mani-ject-1090-1240\/\" \/>\n<meta property=\"og:locale\" content=\"de_DE\" \/>\n<meta property=\"og:type\" content=\"article\" \/>\n<meta property=\"og:title\" content=\"Injektionsger\u00e4t | Geringes Eigengewicht | Mani-Ject | ELAND Machines\" \/>\n<meta property=\"og:description\" content=\"Der G\u00fclleverteiler Mani-Ject 1090\/1240 von ELAND Machines zeichnet sich durch sein geringes Eigengewicht aus.\" \/>\n<meta property=\"og:url\" content=\"https:\/\/elandmachines.nl\/de\/produkte\/duengemittel-fuer-rasen\/mani-ject-1090-1240\/\" \/>\n<meta property=\"og:site_name\" content=\"ElandMachines\" \/>\n<meta property=\"article:modified_time\" content=\"2023-08-04T09:15:49+00:00\" \/>\n<meta name=\"twitter:card\" content=\"summary_large_image\" \/>\n<meta name=\"twitter:label1\" content=\"Gesch\u00e4tzte Lesezeit\" \/>\n\t<meta name=\"twitter:data1\" content=\"4\u00a0Minuten\" \/>\n<script type=\"application\/ld+json\" class=\"yoast-schema-graph\">{\"@context\":\"https:\/\/schema.org\",\"@graph\":[{\"@type\":\"WebPage\",\"@id\":\"https:\/\/elandmachines.nl\/de\/produkte\/duengemittel-fuer-rasen\/mani-ject-1090-1240\/\",\"url\":\"https:\/\/elandmachines.nl\/de\/produkte\/duengemittel-fuer-rasen\/mani-ject-1090-1240\/\",\"name\":\"Injektionsger\u00e4t | Geringes Eigengewicht | Mani-Ject | ELAND Machines\",\"isPartOf\":{\"@id\":\"https:\/\/elandmachines.nl\/de\/#website\"},\"datePublished\":\"2020-11-19T16:43:17+00:00\",\"dateModified\":\"2023-08-04T09:15:49+00:00\",\"description\":\"Der G\u00fclleverteiler Mani-Ject 1090\/1240 von ELAND Machines zeichnet sich durch sein geringes Eigengewicht aus.\",\"breadcrumb\":{\"@id\":\"https:\/\/elandmachines.nl\/de\/produkte\/duengemittel-fuer-rasen\/mani-ject-1090-1240\/#breadcrumb\"},\"inLanguage\":\"de\",\"potentialAction\":[{\"@type\":\"ReadAction\",\"target\":[\"https:\/\/elandmachines.nl\/de\/produkte\/duengemittel-fuer-rasen\/mani-ject-1090-1240\/\"]}]},{\"@type\":\"BreadcrumbList\",\"@id\":\"https:\/\/elandmachines.nl\/de\/produkte\/duengemittel-fuer-rasen\/mani-ject-1090-1240\/#breadcrumb\",\"itemListElement\":[{\"@type\":\"ListItem\",\"position\":1,\"name\":\"Home\",\"item\":\"https:\/\/elandmachines.nl\/de\/\"},{\"@type\":\"ListItem\",\"position\":2,\"name\":\"Produkte\",\"item\":\"https:\/\/elandmachines.nl\/de\/?page_id=3304\"},{\"@type\":\"ListItem\",\"position\":3,\"name\":\"D\u00fcngemittel f\u00fcr Rasen\",\"item\":\"https:\/\/elandmachines.nl\/de\/?page_id=3299\"},{\"@type\":\"ListItem\",\"position\":4,\"name\":\"Mani-Ject 1090\/1240\"}]},{\"@type\":\"WebSite\",\"@id\":\"https:\/\/elandmachines.nl\/de\/#website\",\"url\":\"https:\/\/elandmachines.nl\/de\/\",\"name\":\"ElandMachines\",\"description\":\"\",\"potentialAction\":[{\"@type\":\"SearchAction\",\"target\":{\"@type\":\"EntryPoint\",\"urlTemplate\":\"https:\/\/elandmachines.nl\/de\/?s={search_term_string}\"},\"query-input\":\"required name=search_term_string\"}],\"inLanguage\":\"de\"}]}<\/script>\n<!-- \/ Yoast SEO plugin. -->","yoast_head_json":{"title":"Injektionsger\u00e4t | Geringes Eigengewicht | Mani-Ject | ELAND Machines","description":"Der G\u00fclleverteiler Mani-Ject 1090\/1240 von ELAND Machines zeichnet sich durch sein geringes Eigengewicht aus.","robots":{"index":"index","follow":"follow","max-snippet":"max-snippet:-1","max-image-preview":"max-image-preview:large","max-video-preview":"max-video-preview:-1"},"canonical":"https:\/\/elandmachines.nl\/de\/produkte\/duengemittel-fuer-rasen\/mani-ject-1090-1240\/","og_locale":"de_DE","og_type":"article","og_title":"Injektionsger\u00e4t | Geringes Eigengewicht | Mani-Ject | ELAND Machines","og_description":"Der G\u00fclleverteiler Mani-Ject 1090\/1240 von ELAND Machines zeichnet sich durch sein geringes Eigengewicht aus.","og_url":"https:\/\/elandmachines.nl\/de\/produkte\/duengemittel-fuer-rasen\/mani-ject-1090-1240\/","og_site_name":"ElandMachines","article_modified_time":"2023-08-04T09:15:49+00:00","twitter_card":"summary_large_image","twitter_misc":{"Gesch\u00e4tzte Lesezeit":"4\u00a0Minuten"},"schema":{"@context":"https:\/\/schema.org","@graph":[{"@type":"WebPage","@id":"https:\/\/elandmachines.nl\/de\/produkte\/duengemittel-fuer-rasen\/mani-ject-1090-1240\/","url":"https:\/\/elandmachines.nl\/de\/produkte\/duengemittel-fuer-rasen\/mani-ject-1090-1240\/","name":"Injektionsger\u00e4t | Geringes Eigengewicht | Mani-Ject | ELAND Machines","isPartOf":{"@id":"https:\/\/elandmachines.nl\/de\/#website"},"datePublished":"2020-11-19T16:43:17+00:00","dateModified":"2023-08-04T09:15:49+00:00","description":"Der G\u00fclleverteiler Mani-Ject 1090\/1240 von ELAND Machines zeichnet sich durch sein geringes Eigengewicht aus.","breadcrumb":{"@id":"https:\/\/elandmachines.nl\/de\/produkte\/duengemittel-fuer-rasen\/mani-ject-1090-1240\/#breadcrumb"},"inLanguage":"de","potentialAction":[{"@type":"ReadAction","target":["https:\/\/elandmachines.nl\/de\/produkte\/duengemittel-fuer-rasen\/mani-ject-1090-1240\/"]}]},{"@type":"BreadcrumbList","@id":"https:\/\/elandmachines.nl\/de\/produkte\/duengemittel-fuer-rasen\/mani-ject-1090-1240\/#breadcrumb","itemListElement":[{"@type":"ListItem","position":1,"name":"Home","item":"https:\/\/elandmachines.nl\/de\/"},{"@type":"ListItem","position":2,"name":"Produkte","item":"https:\/\/elandmachines.nl\/de\/?page_id=3304"},{"@type":"ListItem","position":3,"name":"D\u00fcngemittel f\u00fcr Rasen","item":"https:\/\/elandmachines.nl\/de\/?page_id=3299"},{"@type":"ListItem","position":4,"name":"Mani-Ject 1090\/1240"}]},{"@type":"WebSite","@id":"https:\/\/elandmachines.nl\/de\/#website","url":"https:\/\/elandmachines.nl\/de\/","name":"ElandMachines","description":"","potentialAction":[{"@type":"SearchAction","target":{"@type":"EntryPoint","urlTemplate":"https:\/\/elandmachines.nl\/de\/?s={search_term_string}"},"query-input":"required name=search_term_string"}],"inLanguage":"de"}]}},"_links":{"self":[{"href":"https:\/\/elandmachines.nl\/de\/wp-json\/wp\/v2\/pages\/3346"}],"collection":[{"href":"https:\/\/elandmachines.nl\/de\/wp-json\/wp\/v2\/pages"}],"about":[{"href":"https:\/\/elandmachines.nl\/de\/wp-json\/wp\/v2\/types\/page"}],"author":[{"embeddable":true,"href":"https:\/\/elandmachines.nl\/de\/wp-json\/wp\/v2\/users\/1"}],"replies":[{"embeddable":true,"href":"https:\/\/elandmachines.nl\/de\/wp-json\/wp\/v2\/comments?post=3346"}],"version-history":[{"count":14,"href":"https:\/\/elandmachines.nl\/de\/wp-json\/wp\/v2\/pages\/3346\/revisions"}],"predecessor-version":[{"id":3413,"href":"https:\/\/elandmachines.nl\/de\/wp-json\/wp\/v2\/pages\/3346\/revisions\/3413"}],"up":[{"embeddable":true,"href":"https:\/\/elandmachines.nl\/de\/wp-json\/wp\/v2\/pages\/3299"}],"wp:attachment":[{"href":"https:\/\/elandmachines.nl\/de\/wp-json\/wp\/v2\/media?parent=3346"}],"curies":[{"name":"wp","href":"https:\/\/api.w.org\/{rel}","templated":true}]}}