{"id":3355,"date":"2020-11-19T14:03:41","date_gmt":"2020-11-19T13:03:41","guid":{"rendered":"https:\/\/elandmachines.nl\/startseite\/"},"modified":"2025-01-14T10:20:26","modified_gmt":"2025-01-14T09:20:26","slug":"startseite","status":"publish","type":"page","link":"https:\/\/elandmachines.nl\/de\/","title":{"rendered":"Startseite"},"content":{"rendered":"<p>[et_pb_section fb_built=&#8220;1&#8243; _builder_version=&#8220;4.17.6&#8243; _module_preset=&#8220;default&#8220; background_image=&#8220;https:\/\/elandmachines.nl\/wp-content\/uploads\/2021\/07\/4U8A5815.jpg&#8220; background_enable_image=&#8220;on&#8220; width=&#8220;100%&#8220; custom_margin=&#8220;||61px||false|false&#8220; custom_margin_tablet=&#8220;||60px||false|false&#8220; custom_margin_phone=&#8220;||0px||false|false&#8220; custom_margin_last_edited=&#8220;on|desktop&#8220; custom_padding=&#8220;||0px||false|false&#8220; global_colors_info=&#8220;{}&#8220;][et_pb_row _builder_version=&#8220;4.21.2&#8243; _module_preset=&#8220;default&#8220; global_colors_info=&#8220;{}&#8220;][et_pb_column type=&#8220;4_4&#8243; _builder_version=&#8220;4.17.6&#8243; _module_preset=&#8220;default&#8220; global_colors_info=&#8220;{}&#8220;][et_pb_image src=&#8220;https:\/\/elandmachines.nl\/wp-content\/uploads\/2023\/10\/beginafbeelding-website.jpg&#8220; _builder_version=&#8220;4.21.2&#8243; _module_preset=&#8220;default&#8220; global_colors_info=&#8220;{}&#8220;][\/et_pb_image][\/et_pb_column][\/et_pb_row][et_pb_row _builder_version=&#8220;4.21.2&#8243; _module_preset=&#8220;default&#8220; global_colors_info=&#8220;{}&#8220;][et_pb_column type=&#8220;4_4&#8243; _builder_version=&#8220;4.21.2&#8243; _module_preset=&#8220;default&#8220; global_colors_info=&#8220;{}&#8220;][\/et_pb_column][\/et_pb_row][et_pb_row column_structure=&#8220;1_2,1_2&#8243; _builder_version=&#8220;4.16&#8243; _module_preset=&#8220;default&#8220; custom_margin_tablet=&#8220;&#8220; custom_margin_phone=&#8220;&#8220; custom_margin_last_edited=&#8220;on|desktop&#8220; global_colors_info=&#8220;{}&#8220;][et_pb_column type=&#8220;1_2&#8243; _builder_version=&#8220;4.16&#8243; _module_preset=&#8220;default&#8220; global_colors_info=&#8220;{}&#8220;][et_pb_text admin_label=&#8220;Tekst&#8220; _builder_version=&#8220;4.17.6&#8243; _module_preset=&#8220;default&#8220; text_text_color=&#8220;#FFFFFF&#8220; background_color=&#8220;#4E8F36&#8243; background_enable_image=&#8220;off&#8220; custom_margin=&#8220;|0px||0px|false|true&#8220; custom_padding=&#8220;12px|12px|12px|12px|true|true&#8220; global_colors_info=&#8220;{}&#8220;]<\/p>\n<h3><strong><span style=\"color: #ffffff;\">Was bieten die Maschinen von ELAND?<\/span><\/strong><\/h3>\n<h6><strong><span style=\"color: #ffffff;\">Leichte Rasend\u00fcnger, die auch noch pflegeleicht sind, so hat sich ELAND Machines im Jahr 2020 vorgestellt. Mit diesem geringen Gewicht und dem geringen Wartungsaufwand bieten wir 2 Produktmerkmale, die das bereits bestehende Angebot an Scheibenstreuern erg\u00e4nzen. <\/span><\/strong><\/h6>\n<h6><strong><span style=\"color: #ffffff;\">Seit 2021 sind wir Importeur von Steeno Bodenbearbeitungsmaschinen. Damit haben wir unsere Produktpalette um die folgenden Maschinen stark erweitert:<\/span><\/strong><\/h6>\n<ul>\n<li><strong><span style=\"color: #ffffff;\">Farmland-Injektoren<\/span><\/strong><\/li>\n<li><strong><span style=\"color: #ffffff;\">Scheibeneggen-D\u00fcngerstreuer<\/span><\/strong><\/li>\n<li><strong><span style=\"color: #ffffff;\">G\u00fclleinjektoren ab 3 Meter<\/span><\/strong><\/li>\n<li><strong><span style=\"color: #ffffff;\">Pfl\u00fcge<\/span><\/strong><\/li>\n<li><strong><span style=\"color: #ffffff;\">Erdungsschalter<\/span><\/strong><\/li>\n<li><strong><span style=\"color: #ffffff;\">Frontbrecher<\/span><\/strong><\/li>\n<li><strong><span style=\"color: #ffffff;\">Scheibeneggen<\/span><\/strong><\/li>\n<li><strong><span style=\"color: #ffffff;\">Tiefkultivierer<\/span><\/strong><\/li>\n<li><strong><span style=\"color: #ffffff;\">Tiefgreifende Grundierungen<\/span><\/strong><\/li>\n<li><strong><span style=\"color: #ffffff;\">Feldrollen<\/span><\/strong><\/li>\n<li><strong><span style=\"color: #ffffff;\">Rotoreggen<\/span><\/strong><\/li>\n<li><strong><span style=\"color: #ffffff;\">Bodenfr\u00e4sen <\/span><\/strong><\/li>\n<\/ul>\n<p><strong>F\u00fcr weitere Informationen: <span style=\"color: #ffffff;\"><a href=\"https:\/\/www.steeno.be\/nl\/landbouwmachines-24.htm\" style=\"color: #ffffff;\">www.steeno.be<\/a><\/span><\/strong><\/p>\n<p><span style=\"color: #ffffff;\"><\/span><\/p>\n<p>[\/et_pb_text][\/et_pb_column][et_pb_column type=&#8220;1_2&#8243; _builder_version=&#8220;4.16&#8243; _module_preset=&#8220;default&#8220; global_colors_info=&#8220;{}&#8220;][et_pb_text admin_label=&#8220;Tekst&#8220; _builder_version=&#8220;4.17.6&#8243; _module_preset=&#8220;default&#8220; background_color=&#8220;#4E8F36&#8243; background_enable_image=&#8220;off&#8220; custom_margin=&#8220;|0px|12px|0px|false|true&#8220; custom_padding=&#8220;12px|12px|12px|12px|true|true&#8220; global_colors_info=&#8220;{}&#8220;]<\/p>\n<h3><strong><span style=\"color: #ffffff;\">Warum ein Sodeninjektor von ELAND?<\/span><\/strong><\/h3>\n<h6><span style=\"color: #ffffff;\">&#8211; Geringes Gewicht und geringe Wartung<br \/>\n&#8211; Wartungsfreie Lager f\u00fcr Einspritzd\u00fcsen<br \/>\n&#8211; Spurverfolgende Elemente<br \/>\n&#8211; Hydraulische Bodenverfolgung pro Element<br \/>\n&#8211; Pr\u00e4zise G\u00fclleverteilung dank Pr\u00e4zisionsd\u00fcngerstreuer<br \/>\n&#8211; Einfach, solide und gut durchdacht<br \/>\n&#8211; Niederl\u00e4ndische Herstellung<\/span><span style=\"color: #ffffff;\"><\/span><\/h6>\n<p>[\/et_pb_text][et_pb_image src=&#8220;https:\/\/elandmachines.nl\/wp-content\/uploads\/2022\/12\/WhatsApp-Image-2022-07-14-at-3.54.11-PM.jpeg&#8220; _builder_version=&#8220;4.17.6&#8243; _module_preset=&#8220;default&#8220; global_colors_info=&#8220;{}&#8220;][\/et_pb_image][\/et_pb_column][\/et_pb_row][et_pb_row column_structure=&#8220;1_2,1_2&#8243; _builder_version=&#8220;4.16&#8243; _module_preset=&#8220;default&#8220; custom_margin_tablet=&#8220;&#8220; custom_margin_phone=&#8220;&#8220; custom_margin_last_edited=&#8220;on|desktop&#8220; global_colors_info=&#8220;{}&#8220;][et_pb_column type=&#8220;1_2&#8243; _builder_version=&#8220;4.16&#8243; _module_preset=&#8220;default&#8220; global_colors_info=&#8220;{}&#8220;][et_pb_video src=&#8220;http:\/\/www.youtube.com\/watch?v=8nxEDvzDIFk&#8220; _builder_version=&#8220;4.16&#8243; _module_preset=&#8220;default&#8220; global_colors_info=&#8220;{}&#8220;][\/et_pb_video][\/et_pb_column][et_pb_column type=&#8220;1_2&#8243; _builder_version=&#8220;4.16&#8243; _module_preset=&#8220;default&#8220; global_colors_info=&#8220;{}&#8220;][et_pb_video src=&#8220;https:\/\/youtu.be\/D0vcJAIIN6k&#8220; _builder_version=&#8220;4.17.6&#8243; _module_preset=&#8220;default&#8220; global_colors_info=&#8220;{}&#8220;][\/et_pb_video][\/et_pb_column][\/et_pb_row][et_pb_row column_structure=&#8220;1_3,1_3,1_3&#8243; _builder_version=&#8220;4.17.6&#8243; _module_preset=&#8220;default&#8220; custom_margin_tablet=&#8220;&#8220; custom_margin_phone=&#8220;&#8220; custom_margin_last_edited=&#8220;on|desktop&#8220; global_colors_info=&#8220;{}&#8220;][et_pb_column type=&#8220;1_3&#8243; _builder_version=&#8220;4.16&#8243; _module_preset=&#8220;default&#8220; global_colors_info=&#8220;{}&#8220;][et_pb_image src=&#8220;https:\/\/elandmachines.nl\/wp-content\/uploads\/2023\/10\/IMG-20230818-WA0165-websiteformaat.jpg&#8220; _builder_version=&#8220;4.21.2&#8243; _module_preset=&#8220;default&#8220; global_colors_info=&#8220;{}&#8220;][\/et_pb_image][\/et_pb_column][et_pb_column type=&#8220;1_3&#8243; _builder_version=&#8220;4.16&#8243; _module_preset=&#8220;default&#8220; global_colors_info=&#8220;{}&#8220;][et_pb_image src=&#8220;https:\/\/elandmachines.nl\/wp-content\/uploads\/2021\/11\/ElandMachines_homepage_5modellen.png&#8220; url=&#8220;https:\/\/elandmachines.nl\/de\/produkte\/duengemittel-fuer-rasen\/&#8220; _builder_version=&#8220;4.17.6&#8243; _module_preset=&#8220;default&#8220; animation_style=&#8220;zoom&#8220; global_colors_info=&#8220;{}&#8220;][\/et_pb_image][\/et_pb_column][et_pb_column type=&#8220;1_3&#8243; _builder_version=&#8220;4.17.6&#8243; _module_preset=&#8220;default&#8220; global_colors_info=&#8220;{}&#8220;][et_pb_image src=&#8220;https:\/\/elandmachines.nl\/wp-content\/uploads\/2023\/10\/IMG-20230818-WA0005-websiteformaat.jpg&#8220; _builder_version=&#8220;4.21.2&#8243; _module_preset=&#8220;default&#8220; global_colors_info=&#8220;{}&#8220;][\/et_pb_image][\/et_pb_column][\/et_pb_row][et_pb_row column_structure=&#8220;1_2,1_2&#8243; _builder_version=&#8220;4.16&#8243; _module_preset=&#8220;default&#8220; global_colors_info=&#8220;{}&#8220;][et_pb_column type=&#8220;1_2&#8243; _builder_version=&#8220;4.16&#8243; _module_preset=&#8220;default&#8220; global_colors_info=&#8220;{}&#8220;][et_pb_button button_url=&#8220;https:\/\/elandmachines.nl\/de\/produkte\/duengemittel-fuer-rasen\/&#8220; button_text=&#8220;Direkt zur Produktseite&#8220; button_alignment=&#8220;center&#8220; _builder_version=&#8220;4.16&#8243; _module_preset=&#8220;default&#8220; custom_button=&#8220;on&#8220; button_text_color=&#8220;#ffffff&#8220; button_bg_color=&#8220;#4E8F36&#8243; button_icon=&#8220;&#x39;||divi||400&#8243; button_icon_color=&#8220;rgba(19,117,55,0.61)&#8220; global_colors_info=&#8220;{}&#8220;][\/et_pb_button][\/et_pb_column][et_pb_column type=&#8220;1_2&#8243; _builder_version=&#8220;4.16&#8243; _module_preset=&#8220;default&#8220; global_colors_info=&#8220;{}&#8220;][et_pb_button button_url=&#8220;https:\/\/elandmachines.nl\/contact\/&#8220; button_text=&#8220;Nehmen Sie Kontakt mit uns auf!&#8220; button_alignment=&#8220;center&#8220; _builder_version=&#8220;4.16&#8243; _module_preset=&#8220;default&#8220; custom_button=&#8220;on&#8220; button_text_color=&#8220;#ffffff&#8220; button_bg_color=&#8220;#4E8F36&#8243; button_icon=&#8220;&#x39;||divi||400&#8243; button_icon_color=&#8220;rgba(19,117,55,0.61)&#8220; global_colors_info=&#8220;{}&#8220;][\/et_pb_button][\/et_pb_column][\/et_pb_row][\/et_pb_section]<\/p>\n","protected":false},"excerpt":{"rendered":"<p>Was bieten die Maschinen von ELAND? Leichte Rasend\u00fcnger, die auch noch pflegeleicht sind, so hat sich ELAND Machines im Jahr 2020 vorgestellt. Mit diesem geringen Gewicht und dem geringen Wartungsaufwand bieten wir 2 Produktmerkmale, die das bereits bestehende Angebot an Scheibenstreuern erg\u00e4nzen. Seit 2021 sind wir Importeur von Steeno Bodenbearbeitungsmaschinen. Damit haben wir unsere Produktpalette [&hellip;]<\/p>\n","protected":false},"author":1,"featured_media":0,"parent":0,"menu_order":0,"comment_status":"closed","ping_status":"closed","template":"","meta":{"_et_pb_use_builder":"on","_et_pb_old_content":"","_et_gb_content_width":""},"yoast_head":"<!-- This site is optimized with the Yoast SEO plugin v20.12 - https:\/\/yoast.com\/wordpress\/plugins\/seo\/ -->\n<title>G\u00fclle-Injektoren | Leichtgewicht | Wartungsarm | ELAND Machines<\/title>\n<meta name=\"description\" content=\"Leichte und wartungsarme Raseninjektoren, mit diesen 2 Produktmerkmalen hebt sich ELAND Machines im Bereich der Scheibeninjektoren ab.\" \/>\n<meta name=\"robots\" content=\"index, follow, max-snippet:-1, max-image-preview:large, max-video-preview:-1\" \/>\n<link rel=\"canonical\" href=\"https:\/\/elandmachines.nl\/de\/\" \/>\n<meta property=\"og:locale\" content=\"de_DE\" \/>\n<meta property=\"og:type\" content=\"article\" \/>\n<meta property=\"og:title\" content=\"G\u00fclle-Injektoren | Leichtgewicht | Wartungsarm | ELAND Machines\" \/>\n<meta property=\"og:description\" content=\"Leichte und wartungsarme Raseninjektoren, mit diesen 2 Produktmerkmalen hebt sich ELAND Machines im Bereich der Scheibeninjektoren ab.\" \/>\n<meta property=\"og:url\" content=\"https:\/\/elandmachines.nl\/de\/\" \/>\n<meta property=\"og:site_name\" content=\"ElandMachines\" \/>\n<meta property=\"article:modified_time\" content=\"2025-01-14T09:20:26+00:00\" \/>\n<meta name=\"twitter:card\" content=\"summary_large_image\" \/>\n<meta name=\"twitter:label1\" content=\"Gesch\u00e4tzte Lesezeit\" \/>\n\t<meta name=\"twitter:data1\" content=\"4\u00a0Minuten\" \/>\n<script type=\"application\/ld+json\" class=\"yoast-schema-graph\">{\"@context\":\"https:\/\/schema.org\",\"@graph\":[{\"@type\":\"WebPage\",\"@id\":\"https:\/\/elandmachines.nl\/de\/\",\"url\":\"https:\/\/elandmachines.nl\/de\/\",\"name\":\"G\u00fclle-Injektoren | Leichtgewicht | Wartungsarm | ELAND Machines\",\"isPartOf\":{\"@id\":\"https:\/\/elandmachines.nl\/de\/#website\"},\"datePublished\":\"2020-11-19T13:03:41+00:00\",\"dateModified\":\"2025-01-14T09:20:26+00:00\",\"description\":\"Leichte und wartungsarme Raseninjektoren, mit diesen 2 Produktmerkmalen hebt sich ELAND Machines im Bereich der Scheibeninjektoren ab.\",\"breadcrumb\":{\"@id\":\"https:\/\/elandmachines.nl\/de\/#breadcrumb\"},\"inLanguage\":\"de\",\"potentialAction\":[{\"@type\":\"ReadAction\",\"target\":[\"https:\/\/elandmachines.nl\/de\/\"]}]},{\"@type\":\"BreadcrumbList\",\"@id\":\"https:\/\/elandmachines.nl\/de\/#breadcrumb\",\"itemListElement\":[{\"@type\":\"ListItem\",\"position\":1,\"name\":\"Home\",\"item\":\"https:\/\/elandmachines.nl\/de\/\"},{\"@type\":\"ListItem\",\"position\":2,\"name\":\"Startseite\"}]},{\"@type\":\"WebSite\",\"@id\":\"https:\/\/elandmachines.nl\/de\/#website\",\"url\":\"https:\/\/elandmachines.nl\/de\/\",\"name\":\"ElandMachines\",\"description\":\"\",\"potentialAction\":[{\"@type\":\"SearchAction\",\"target\":{\"@type\":\"EntryPoint\",\"urlTemplate\":\"https:\/\/elandmachines.nl\/de\/?s={search_term_string}\"},\"query-input\":\"required name=search_term_string\"}],\"inLanguage\":\"de\"}]}<\/script>\n<!-- \/ Yoast SEO plugin. -->","yoast_head_json":{"title":"G\u00fclle-Injektoren | Leichtgewicht | Wartungsarm | ELAND Machines","description":"Leichte und wartungsarme Raseninjektoren, mit diesen 2 Produktmerkmalen hebt sich ELAND Machines im Bereich der Scheibeninjektoren ab.","robots":{"index":"index","follow":"follow","max-snippet":"max-snippet:-1","max-image-preview":"max-image-preview:large","max-video-preview":"max-video-preview:-1"},"canonical":"https:\/\/elandmachines.nl\/de\/","og_locale":"de_DE","og_type":"article","og_title":"G\u00fclle-Injektoren | Leichtgewicht | Wartungsarm | ELAND Machines","og_description":"Leichte und wartungsarme Raseninjektoren, mit diesen 2 Produktmerkmalen hebt sich ELAND Machines im Bereich der Scheibeninjektoren ab.","og_url":"https:\/\/elandmachines.nl\/de\/","og_site_name":"ElandMachines","article_modified_time":"2025-01-14T09:20:26+00:00","twitter_card":"summary_large_image","twitter_misc":{"Gesch\u00e4tzte Lesezeit":"4\u00a0Minuten"},"schema":{"@context":"https:\/\/schema.org","@graph":[{"@type":"WebPage","@id":"https:\/\/elandmachines.nl\/de\/","url":"https:\/\/elandmachines.nl\/de\/","name":"G\u00fclle-Injektoren | Leichtgewicht | Wartungsarm | ELAND Machines","isPartOf":{"@id":"https:\/\/elandmachines.nl\/de\/#website"},"datePublished":"2020-11-19T13:03:41+00:00","dateModified":"2025-01-14T09:20:26+00:00","description":"Leichte und wartungsarme Raseninjektoren, mit diesen 2 Produktmerkmalen hebt sich ELAND Machines im Bereich der Scheibeninjektoren ab.","breadcrumb":{"@id":"https:\/\/elandmachines.nl\/de\/#breadcrumb"},"inLanguage":"de","potentialAction":[{"@type":"ReadAction","target":["https:\/\/elandmachines.nl\/de\/"]}]},{"@type":"BreadcrumbList","@id":"https:\/\/elandmachines.nl\/de\/#breadcrumb","itemListElement":[{"@type":"ListItem","position":1,"name":"Home","item":"https:\/\/elandmachines.nl\/de\/"},{"@type":"ListItem","position":2,"name":"Startseite"}]},{"@type":"WebSite","@id":"https:\/\/elandmachines.nl\/de\/#website","url":"https:\/\/elandmachines.nl\/de\/","name":"ElandMachines","description":"","potentialAction":[{"@type":"SearchAction","target":{"@type":"EntryPoint","urlTemplate":"https:\/\/elandmachines.nl\/de\/?s={search_term_string}"},"query-input":"required name=search_term_string"}],"inLanguage":"de"}]}},"_links":{"self":[{"href":"https:\/\/elandmachines.nl\/de\/wp-json\/wp\/v2\/pages\/3355"}],"collection":[{"href":"https:\/\/elandmachines.nl\/de\/wp-json\/wp\/v2\/pages"}],"about":[{"href":"https:\/\/elandmachines.nl\/de\/wp-json\/wp\/v2\/types\/page"}],"author":[{"embeddable":true,"href":"https:\/\/elandmachines.nl\/de\/wp-json\/wp\/v2\/users\/1"}],"replies":[{"embeddable":true,"href":"https:\/\/elandmachines.nl\/de\/wp-json\/wp\/v2\/comments?post=3355"}],"version-history":[{"count":8,"href":"https:\/\/elandmachines.nl\/de\/wp-json\/wp\/v2\/pages\/3355\/revisions"}],"predecessor-version":[{"id":3970,"href":"https:\/\/elandmachines.nl\/de\/wp-json\/wp\/v2\/pages\/3355\/revisions\/3970"}],"wp:attachment":[{"href":"https:\/\/elandmachines.nl\/de\/wp-json\/wp\/v2\/media?parent=3355"}],"curies":[{"name":"wp","href":"https:\/\/api.w.org\/{rel}","templated":true}]}}